{"id":525,"date":"2025-04-23T13:47:03","date_gmt":"2025-04-23T11:47:03","guid":{"rendered":"https:\/\/www.drcadic.com\/?page_id=525"},"modified":"2025-04-23T13:48:09","modified_gmt":"2025-04-23T11:48:09","slug":"qui-peut-pratiquer-le-microneedling","status":"publish","type":"page","link":"https:\/\/www.drcadic.com\/index.php\/qui-peut-pratiquer-le-microneedling\/","title":{"rendered":"Qui peut pratiquer le \u00ab microneedling \u00bb ?"},"content":{"rendered":"<p class=\"\" data-start=\"157\" data-end=\"238\"><span class=\"relative -mx-px my-[-0.2rem] rounded px-px py-[0.2rem] transition-colors duration-100 ease-in-out\">La technique du \u00ab microneedling \u00bb consiste \u00e0 faire passer sur la peau un rouleau muni de tr\u00e8s fines aiguilles, souvent en association avec un produit cosm\u00e9tique, afin de faire p\u00e9n\u00e9trer les actifs dans la peau et d\u2019entra\u00eener une r\u00e9action de synth\u00e8se de collag\u00e8ne.<\/span>\u200b<\/p>\n<p class=\"\" data-start=\"240\" data-end=\"397\"><span class=\"relative -mx-px my-[-0.2rem] rounded px-px py-[0.2rem] transition-colors duration-100 ease-in-out\">Cette proc\u00e9dure provoque une effraction cutan\u00e9e, atteignant l\u2019\u00e9piderme et parfois la partie superficielle du derme.<\/span> <span class=\"relative -mx-px my-[-0.2rem] rounded px-px py-[0.2rem] transition-colors duration-100 ease-in-out\">Conform\u00e9ment \u00e0 l&#8217;article 2 de l&#8217;arr\u00eat\u00e9 du 6 janvier 1962, modifi\u00e9 par l&#8217;arr\u00eat\u00e9 du 24 mai 2024, tout acte de physioth\u00e9rapie aboutissant \u00e0 la destruction, si limit\u00e9e soit-elle, des t\u00e9guments \u2014 notamment l\u2019\u00e9lectrolyse, l\u2019\u00e9lectro-coagulation et la diathermo-coagulation \u2014 ne peut \u00eatre pratiqu\u00e9 que par des docteurs en m\u00e9decine.<\/span> \u200b<span class=\"\" data-state=\"closed\"><span class=\"ms-1 inline-flex max-w-full items-center relative top-[-0.094rem] animate-[show_150ms_ease-in]\"><a class=\"flex h-4.5 overflow-hidden rounded-xl px-2 text-[0.5625em] font-medium text-token-text-secondary! bg-[#F4F4F4]! dark:bg-[#303030]! transition-colors duration-150 ease-in-out\" href=\"https:\/\/www.legifrance.gouv.fr\/loda\/article_lc\/LEGIARTI000021066541\/?utm_source=chatgpt.com\" target=\"_blank\" rel=\"noopener\"><span class=\"relative start-0 bottom-0 flex h-full w-full items-center\"><span class=\"flex h-4 w-full items-center justify-between\"><span class=\"max-w-full grow truncate overflow-hidden text-center\">L\u00e9gifrance<\/span><span class=\"-me-1 flex h-full items-center rounded-full px-1 text-[#8F8F8F]\">+1<\/span><\/span><span class=\"flex h-4 w-full items-center justify-between absolute\"><span class=\"max-w-full grow truncate overflow-hidden text-center\">L\u00e9gifrance<\/span><span class=\"-me-1 flex h-full items-center rounded-full px-1 text-[#8F8F8F]\">+1 .<\/span><\/span><\/span><\/a><\/span><\/span><\/p>\n<p class=\"\" data-start=\"399\" data-end=\"518\"><span class=\"relative -mx-px my-[-0.2rem] rounded px-px py-[0.2rem] transition-colors duration-100 ease-in-out\">Ainsi, la pratique du \u00ab microneedling \u00bb est r\u00e9serv\u00e9e aux m\u00e9decins. La r\u00e9alisation du geste ne peut pas \u00eatre non plus d\u00e9l\u00e9gu\u00e9e \u00e0 une assistante, m\u00eame au sein d&#8217;un cabinet m\u00e9dical.<\/span><\/p>\n<p class=\"\" data-start=\"399\" data-end=\"518\"><span class=\"relative -mx-px my-[-0.2rem] rounded px-px py-[0.2rem] transition-colors duration-100 ease-in-out\">Sa r\u00e9alisation par des non-m\u00e9decins constitue une infraction \u00e0 la r\u00e9glementation en vigueur.<\/span>\u200b<span class=\"\" data-state=\"closed\"><span class=\"ms-1 inline-flex max-w-full items-center relative top-[-0.094rem] animate-[show_150ms_ease-in]\"><a class=\"flex h-4.5 overflow-hidden rounded-xl px-2 text-[0.5625em] font-medium text-token-text-secondary! bg-[#F4F4F4]! dark:bg-[#303030]! transition-colors duration-150 ease-in-out\" href=\"https:\/\/www.anses.fr\/en\/system\/files\/AP2012SA0036Ra.pdf?utm_source=chatgpt.com\" target=\"_blank\" rel=\"noopener\"><span class=\"relative start-0 bottom-0 flex h-full w-full items-center\"><span class=\"flex h-4 w-full items-center justify-between overflow-hidden\"><span class=\"max-w-full grow truncate overflow-hidden text-center\">ANSES<\/span><\/span><\/span><\/a><\/span><\/span><\/p>\n","protected":false},"excerpt":{"rendered":"<p>La technique du \u00ab microneedling \u00bb consiste \u00e0 faire passer sur la peau un rouleau muni de tr\u00e8s fines aiguilles, souvent en association avec un produit cosm\u00e9tique, afin de faire p\u00e9n\u00e9trer les actifs dans la peau et d\u2019entra\u00eener une r\u00e9action de synth\u00e8se de collag\u00e8ne.\u200b Cette proc\u00e9dure provoque une effraction cutan\u00e9e, atteignant l\u2019\u00e9piderme et parfois la <a class=\"more-link\" href=\"https:\/\/www.drcadic.com\/index.php\/qui-peut-pratiquer-le-microneedling\/\">la suite&#8230; <i class=\"fa fa-chevron-right\"><\/i><\/a><\/p>\n","protected":false},"author":2,"featured_media":0,"parent":0,"menu_order":0,"comment_status":"closed","ping_status":"closed","template":"","meta":{"footnotes":""},"_links":{"self":[{"href":"https:\/\/www.drcadic.com\/index.php\/wp-json\/wp\/v2\/pages\/525"}],"collection":[{"href":"https:\/\/www.drcadic.com\/index.php\/wp-json\/wp\/v2\/pages"}],"about":[{"href":"https:\/\/www.drcadic.com\/index.php\/wp-json\/wp\/v2\/types\/page"}],"author":[{"embeddable":true,"href":"https:\/\/www.drcadic.com\/index.php\/wp-json\/wp\/v2\/users\/2"}],"replies":[{"embeddable":true,"href":"https:\/\/www.drcadic.com\/index.php\/wp-json\/wp\/v2\/comments?post=525"}],"version-history":[{"count":3,"href":"https:\/\/www.drcadic.com\/index.php\/wp-json\/wp\/v2\/pages\/525\/revisions"}],"predecessor-version":[{"id":528,"href":"https:\/\/www.drcadic.com\/index.php\/wp-json\/wp\/v2\/pages\/525\/revisions\/528"}],"wp:attachment":[{"href":"https:\/\/www.drcadic.com\/index.php\/wp-json\/wp\/v2\/media?parent=525"}],"curies":[{"name":"wp","href":"https:\/\/api.w.org\/{rel}","templated":true}]}}