{"id":520,"date":"2025-04-23T13:29:21","date_gmt":"2025-04-23T11:29:21","guid":{"rendered":"https:\/\/www.drcadic.com\/?page_id=520"},"modified":"2025-04-23T13:37:42","modified_gmt":"2025-04-23T11:37:42","slug":"je-souhaite-recourir-a-lepilation-par-electrolyse-a-qui-dois-je-madresser","status":"publish","type":"page","link":"https:\/\/www.drcadic.com\/index.php\/je-souhaite-recourir-a-lepilation-par-electrolyse-a-qui-dois-je-madresser\/","title":{"rendered":"Je souhaite recourir \u00e0 l\u2019\u00e9pilation par \u00e9lectrolyse, \u00e0 qui dois-je m\u2019adresser ?"},"content":{"rendered":"<p class=\"\" data-start=\"180\" data-end=\"384\">L\u2019\u00e9pilation par \u00e9lectrolyse en radiofr\u00e9quence consiste en la diffusion d\u2019une impulsion \u00e9lectrique par une aiguille, poil par poil au niveau du bulbe, chaque poil \u00e9tant ensuite extrait \u00e0 la pince \u00e0 \u00e9piler.<\/p>\n<p class=\"\" data-start=\"386\" data-end=\"619\">Dans le <a href=\"https:\/\/www.legifrance.gouv.fr\/jorf\/id\/JORFTEXT000049592616\" target=\"_blank\" rel=\"noopener\">d\u00e9cret n\u00b0 2024-470 du 24 mai 2024<\/a> qui ouvre les actes d&#8217;\u00e9pilation \u00e0 la lumi\u00e8re puls\u00e9e intense et au laser \u00e0 vis\u00e9e non th\u00e9rapeutique aux esth\u00e9ticiens et aux infirmiers, les actes d\u2019\u00e9pilation par \u00e9lectrolyse ne sont pas inclus.<\/p>\n<p class=\"\" data-start=\"621\" data-end=\"939\">Dans la mesure o\u00f9 cette pratique implique une effraction cutan\u00e9e, li\u00e9e \u00e0 l\u2019introduction d\u2019un filament dans l\u2019orifice pilo-s\u00e9bac\u00e9, elle contrevient au principe d\u2019inviolabilit\u00e9 du corps humain, et est donc r\u00e9glementairement r\u00e9serv\u00e9e aux m\u00e9decins. D\u00e8s lors, la pratique de cette technique par un non-m\u00e9decin est ill\u00e9gale.<\/p>\n<p data-start=\"621\" data-end=\"939\">Source: <a href=\"https:\/\/www.economie.gouv.fr\/dgccrf\/les-fiches-pratiques\/faq-encadrement-des-soins-esthetiques-et-de-la-coiffure?fbclid=IwY2xjawJ1r-VleHRuA2FlbQIxMABicmlkETFnM2JmeGJNVUpGeUdGY2tHAR7DDHoPHuxGS2vRPCrFj4m-kxLNpvTEGJHtrRQvpTmBbnH1uMAeZxab2qBPkw_aem_VD5w1jwkO_pz3q9RZ8adoA\" target=\"_blank\" rel=\"noopener\">Direction g\u00e9n\u00e9rale de la concurrence et de la r\u00e9pression des fraudes<\/a> (DGCCRF)<\/p>\n","protected":false},"excerpt":{"rendered":"<p>L\u2019\u00e9pilation par \u00e9lectrolyse en radiofr\u00e9quence consiste en la diffusion d\u2019une impulsion \u00e9lectrique par une aiguille, poil par poil au niveau du bulbe, chaque poil \u00e9tant ensuite extrait \u00e0 la pince \u00e0 \u00e9piler. Dans le d\u00e9cret n\u00b0 2024-470 du 24 mai 2024 qui ouvre les actes d&#8217;\u00e9pilation \u00e0 la lumi\u00e8re puls\u00e9e intense et au laser \u00e0 <a class=\"more-link\" href=\"https:\/\/www.drcadic.com\/index.php\/je-souhaite-recourir-a-lepilation-par-electrolyse-a-qui-dois-je-madresser\/\">la suite&#8230; <i class=\"fa fa-chevron-right\"><\/i><\/a><\/p>\n","protected":false},"author":2,"featured_media":0,"parent":0,"menu_order":0,"comment_status":"closed","ping_status":"closed","template":"","meta":{"footnotes":""},"_links":{"self":[{"href":"https:\/\/www.drcadic.com\/index.php\/wp-json\/wp\/v2\/pages\/520"}],"collection":[{"href":"https:\/\/www.drcadic.com\/index.php\/wp-json\/wp\/v2\/pages"}],"about":[{"href":"https:\/\/www.drcadic.com\/index.php\/wp-json\/wp\/v2\/types\/page"}],"author":[{"embeddable":true,"href":"https:\/\/www.drcadic.com\/index.php\/wp-json\/wp\/v2\/users\/2"}],"replies":[{"embeddable":true,"href":"https:\/\/www.drcadic.com\/index.php\/wp-json\/wp\/v2\/comments?post=520"}],"version-history":[{"count":3,"href":"https:\/\/www.drcadic.com\/index.php\/wp-json\/wp\/v2\/pages\/520\/revisions"}],"predecessor-version":[{"id":524,"href":"https:\/\/www.drcadic.com\/index.php\/wp-json\/wp\/v2\/pages\/520\/revisions\/524"}],"wp:attachment":[{"href":"https:\/\/www.drcadic.com\/index.php\/wp-json\/wp\/v2\/media?parent=520"}],"curies":[{"name":"wp","href":"https:\/\/api.w.org\/{rel}","templated":true}]}}