{"id":52,"date":"2018-05-21T17:14:01","date_gmt":"2018-05-21T15:14:01","guid":{"rendered":"http:\/\/www.drcadic.com\/?page_id=52"},"modified":"2019-06-22T09:51:15","modified_gmt":"2019-06-22T07:51:15","slug":"52-2","status":"publish","type":"page","link":"https:\/\/www.drcadic.com\/index.php\/52-2\/","title":{"rendered":"Injections de comblement et soins esth\u00e9tiques"},"content":{"rendered":"<p>A c\u00f4t\u00e9 des soins par laser, le Dr CADIC propose une gamme de soins \u00e0 vis\u00e9e dermatologique ou phl\u00e9bologique. Il est a pr\u00e9ciser que ces soins sont des soins m\u00e9dicaux. Le r\u00e9sultat peut \u00eatre incomplet. Ces actes m\u00e9dicaux peuvent \u00e9galement, malgr\u00e9 le respect de pr\u00e9cautions d&#8217;usage, occasionner des effets secondaires ou des complications. Si la majorit\u00e9 peuvent \u00eatre pris en charge avec une \u00e9volution favorable, certaines peuvent \u00eatre graves et occasionner des s\u00e9quelles.<\/p>\n<h2>Soins de comblement des rides par injections d&#8217;acide hyaluronique<\/h2>\n<p style=\"text-align: justify; text-justify: inter-ideograph;\">Le cabinet assure le bilan, le conseil, et la r\u00e9alisation de soins \u00e9ventuels par injection d&#8217;acide hyaluronique pour traiter les rides du visage ou pour reconstruire une perte de relief (perte de poids importante, pathologie de l&#8217;immunit\u00e9, traumatismes). Les zones les plus habituellement trait\u00e9es sont les sillons naso-g\u00e9niens, les rides d&#8217;amertume, les cicatrices traumatiques, les cicatrices d&#8217;acn\u00e9 ou de varicelle. Une consultation est indispensable avant tout acte d&#8217;injection afin de d\u00e9terminer si le soin est utile, s&#8217;il doit \u00eatre pratiqu\u00e9 seul ou associ\u00e9 \u00e0 des traitements compl\u00e9mentaires (laser, peelings etc &#8230;).<\/p>\n<p style=\"text-align: justify; text-justify: inter-ideograph;\">Les soins d&#8217;injection d&#8217;acide hyaluronique peuvent \u00eatre r\u00e9alis\u00e9s au cabinet, en situation ambulatoire, avec ou sans anesth\u00e9sie locale. Il n&#8217;y a pas d&#8217;\u00e9viction sociale et il est possible de reprendre ses activit\u00e9s dans la foul\u00e9e. \u00a0La dur\u00e9e de vie des produits et donc la dur\u00e9e du r\u00e9sultat est variable. Elle dure en g\u00e9n\u00e9ral autour d&#8217;une ann\u00e9e.<\/p>\n<h2>Dermarollers<\/h2>\n<p style=\"text-align: justify; text-justify: inter-ideograph;\">Le dermaroller est une technique non invasive permettant de faire rouler un tambour muni de petites aiguilles sur la peau. Lors du roulage, les aiguilles p\u00e9n\u00e8trent dans l&#8217;\u00e9piderme et dans le derme en y provoquant de multiples perforations miniature. Ces multiples traumatismes provoquent une r\u00e9action de la peau , un afflux de facteurs de cicatrisation et de coagulation sur site. \u00a0Ceux-ci provoque un ph\u00e9nom\u00e8ne de sur-synth\u00e8se de collag\u00e8ne avec une mise en tension et un rajeunissement du visage. Les perforations permettent aussi aux pigmentations ind\u00e9sirables de s&#8217;\u00e9liminer \u00e0 la surface de la peau qui prend un teint plus clair et plus r\u00e9gulier.<\/p>\n<p style=\"text-align: justify; text-justify: inter-ideograph;\">Les dermarollers sont volontiers utilis\u00e9s sur les peaux mate ou sur les peaux qui ne permettent pas l&#8217;usage d&#8217;un laser ou d&#8217;un peeling par acide. Le traitement se faire sous anesth\u00e9sie locale par cr\u00e8me de type EMLA. Il est possible de travailler le lendemain du soin.<\/p>\n<h2>Ondes de choc radiales<\/h2>\n<p style=\"text-align: justify; text-justify: inter-ideograph;\">Les ondes de choc radiales sont tr\u00e8s connues dans la prise en charge des sportifs, dans les soins des tendinopathies inflammatoires et les douleurs musculotendineuses. Depuis quelques ann\u00e9es, on a mis en \u00e9vidence une action des ondes de choc radiale sur la cellulite superficielle. Son mode d&#8217;action est bas\u00e9e sur une stimulation de la vascularisation des zones graisseuses de la cellulite. L&#8217;hypervascularisation associ\u00e9e aux vibrations permettent d&#8217;am\u00e9liorer la lyse de l&#8217;adipocyte. L&#8217;efficacit\u00e9 est \u00e0 comparer avec le drainage m\u00e9canique motoris\u00e9 de type CELLU-M6.<\/p>\n<h2>Scl\u00e9rose des varices et varicosit\u00e9s \u00e0 la mousse (phl\u00e9bologie)<\/h2>\n<p style=\"text-align: justify; text-justify: inter-ideograph;\">Le cabinet r\u00e9alise quotidiennement des soins phl\u00e9bologiques par scl\u00e9rose \u00e0 la mousse avec ou sans guidage \u00e9chographique, avec ou sans transillumination. La micro-scl\u00e9rose entre dans le cadre des soins de nature esth\u00e9tique:\u00a0Il est, en effet, possible d&#8217;\u00e9liminer \u00e0 l&#8217;aide d&#8217;une loupe, les plus petits vaisseaux rouge ou violac\u00e9s (t\u00e9langiectasies) qui sont disgracieux, dont la seule cons\u00e9quence est une g\u00e8ne.\u00a0Le nombre de s\u00e9ances est fonction de l&#8217;importance et du nombre de veines atteintes. La micro-scl\u00e9rose est avantageusement compl\u00e9t\u00e9e par un balayage laser vasculaire.<\/p>\n","protected":false},"excerpt":{"rendered":"<p>A c\u00f4t\u00e9 des soins par laser, le Dr CADIC propose une gamme de soins \u00e0 vis\u00e9e dermatologique ou phl\u00e9bologique. Il est a pr\u00e9ciser que ces soins sont des soins m\u00e9dicaux. Le r\u00e9sultat peut \u00eatre incomplet. Ces actes m\u00e9dicaux peuvent \u00e9galement, malgr\u00e9 le respect de pr\u00e9cautions d&#8217;usage, occasionner des effets secondaires ou des complications. Si la <a class=\"more-link\" href=\"https:\/\/www.drcadic.com\/index.php\/52-2\/\">la suite&#8230; <i class=\"fa fa-chevron-right\"><\/i><\/a><\/p>\n","protected":false},"author":2,"featured_media":0,"parent":0,"menu_order":0,"comment_status":"closed","ping_status":"closed","template":"page-fullwidth.php","meta":{"footnotes":""},"_links":{"self":[{"href":"https:\/\/www.drcadic.com\/index.php\/wp-json\/wp\/v2\/pages\/52"}],"collection":[{"href":"https:\/\/www.drcadic.com\/index.php\/wp-json\/wp\/v2\/pages"}],"about":[{"href":"https:\/\/www.drcadic.com\/index.php\/wp-json\/wp\/v2\/types\/page"}],"author":[{"embeddable":true,"href":"https:\/\/www.drcadic.com\/index.php\/wp-json\/wp\/v2\/users\/2"}],"replies":[{"embeddable":true,"href":"https:\/\/www.drcadic.com\/index.php\/wp-json\/wp\/v2\/comments?post=52"}],"version-history":[{"count":3,"href":"https:\/\/www.drcadic.com\/index.php\/wp-json\/wp\/v2\/pages\/52\/revisions"}],"predecessor-version":[{"id":118,"href":"https:\/\/www.drcadic.com\/index.php\/wp-json\/wp\/v2\/pages\/52\/revisions\/118"}],"wp:attachment":[{"href":"https:\/\/www.drcadic.com\/index.php\/wp-json\/wp\/v2\/media?parent=52"}],"curies":[{"name":"wp","href":"https:\/\/api.w.org\/{rel}","templated":true}]}}