{"id":516,"date":"2025-04-23T02:13:46","date_gmt":"2025-04-23T00:13:46","guid":{"rendered":"https:\/\/www.drcadic.com\/?page_id=516"},"modified":"2025-04-23T02:13:46","modified_gmt":"2025-04-23T00:13:46","slug":"melasma-un-traitement-efficace-par-laser-picoseconde","status":"publish","type":"page","link":"https:\/\/www.drcadic.com\/index.php\/melasma-un-traitement-efficace-par-laser-picoseconde\/","title":{"rendered":"M\u00e9lasma : un traitement efficace par laser picoseconde"},"content":{"rendered":"<p class=\"\" data-start=\"286\" data-end=\"507\">Le <strong data-start=\"289\" data-end=\"300\">m\u00e9lasma<\/strong>, \u00e9galement appel\u00e9 <em data-start=\"319\" data-end=\"340\">masque de grossesse<\/em>, est une <strong data-start=\"350\" data-end=\"381\">hyperpigmentation du visage<\/strong> qui se manifeste sous forme de taches brunes irr\u00e9guli\u00e8res, souvent localis\u00e9es sur les joues, le front ou la l\u00e8vre sup\u00e9rieure.<\/p>\n<p data-start=\"286\" data-end=\"507\"><img loading=\"lazy\" decoding=\"async\" class=\"alignnone  wp-image-517\" src=\"https:\/\/www.drcadic.com\/wp-content\/uploads\/2025\/04\/malas323-1.jpg\" alt=\"\" width=\"614\" height=\"323\" srcset=\"https:\/\/www.drcadic.com\/wp-content\/uploads\/2025\/04\/malas323-1.jpg 454w, https:\/\/www.drcadic.com\/wp-content\/uploads\/2025\/04\/malas323-1-300x158.jpg 300w\" sizes=\"(max-width: 614px) 100vw, 614px\" \/><\/p>\n<h4 class=\"\" data-start=\"509\" data-end=\"563\"><span style=\"text-decoration: underline;\"><strong>Un trouble pigmentaire complexe, souvent hormonal<\/strong><\/span><\/h4>\n<p class=\"\" data-start=\"565\" data-end=\"951\">Le m\u00e9lasma touche principalement les femmes et est souvent <strong data-start=\"624\" data-end=\"647\">d\u2019origine hormonale<\/strong> (grossesse, pilule contraceptive, troubles endocriniens). Il peut \u00e9galement \u00eatre <strong data-start=\"729\" data-end=\"765\">aggrav\u00e9 par l\u2019exposition solaire<\/strong>, les cosm\u00e9tiques irritants ou certaines pr\u00e9dispositions g\u00e9n\u00e9tiques.<br data-start=\"833\" data-end=\"836\" \/>Il s&#8217;agit d&#8217;une affection <strong data-start=\"862\" data-end=\"890\">chronique et r\u00e9cidivante<\/strong>, dont le traitement demande de la rigueur et de la patience.<\/p>\n<h4 class=\"\" data-start=\"953\" data-end=\"1007\"><span style=\"text-decoration: underline;\">Un traitement possible gr\u00e2ce au laser picoseconde<\/span><\/h4>\n<p class=\"\" data-start=\"1009\" data-end=\"1239\">Au sein de notre cabinet m\u00e9dical, nous utilisons une technologie de lumi\u00e8re : le <strong data-start=\"1089\" data-end=\"1110\">laser picoseconde<\/strong>, sp\u00e9cifiquement con\u00e7u pour cibler les <strong data-start=\"1149\" data-end=\"1194\">pigments profonds responsables du m\u00e9lasma<\/strong>, tout en respectant les tissus environnants.<\/p>\n<p class=\"\" data-start=\"1241\" data-end=\"1477\">Ce laser \u00e9met des impulsions ultra-courtes qui fragmentent le pigment en microparticules. Ces d\u00e9bris pigmentaires sont ensuite \u00e9limin\u00e9s naturellement par le syst\u00e8me immunitaire de la peau, <strong data-start=\"1430\" data-end=\"1476\">sans endommager les couches superficielles<\/strong>.<\/p>\n<h4 class=\"\" data-start=\"1479\" data-end=\"1549\"><span style=\"text-decoration: underline;\">Am\u00e9lioration visible, traitement progressif et r\u00e9sultats durables<\/span><\/h4>\n<p class=\"\" data-start=\"1551\" data-end=\"1781\">Gr\u00e2ce au laser picoseconde, il est possible d\u2019<strong data-start=\"1597\" data-end=\"1639\">\u00e9claircir significativement les taches<\/strong>, voire de les <strong data-start=\"1654\" data-end=\"1686\">faire dispara\u00eetre totalement<\/strong>, surtout si le traitement est accompagn\u00e9 d\u2019une <strong data-start=\"1734\" data-end=\"1767\">protection solaire rigoureuse<\/strong> au quotidien.<\/p>\n<p class=\"\" data-start=\"1783\" data-end=\"2031\">Le protocole standard pr\u00e9voit <strong data-start=\"1813\" data-end=\"1830\">1 \u00e0 3 s\u00e9ances<\/strong>, espac\u00e9es de <strong data-start=\"1844\" data-end=\"1854\">2 mois<\/strong> environ. Selon la sensibilit\u00e9 hormonale et l\u2019exposition solaire future, une <strong data-start=\"1931\" data-end=\"1966\">r\u00e9\u00e9valuation tous les 3 \u00e0 5 ans<\/strong> peut \u00eatre n\u00e9cessaire pour maintenir les r\u00e9sultats dans le temps.<\/p>\n<h4 class=\"\" data-start=\"2033\" data-end=\"2094\">Un accompagnement m\u00e9dical dans un environnement s\u00e9curis\u00e9<\/h4>\n","protected":false},"excerpt":{"rendered":"<p>Le m\u00e9lasma, \u00e9galement appel\u00e9 masque de grossesse, est une hyperpigmentation du visage qui se manifeste sous forme de taches brunes irr\u00e9guli\u00e8res, souvent localis\u00e9es sur les joues, le front ou la l\u00e8vre sup\u00e9rieure. Un trouble pigmentaire complexe, souvent hormonal Le m\u00e9lasma touche principalement les femmes et est souvent d\u2019origine hormonale (grossesse, pilule contraceptive, troubles endocriniens). Il <a class=\"more-link\" href=\"https:\/\/www.drcadic.com\/index.php\/melasma-un-traitement-efficace-par-laser-picoseconde\/\">la suite&#8230; <i class=\"fa fa-chevron-right\"><\/i><\/a><\/p>\n","protected":false},"author":2,"featured_media":0,"parent":0,"menu_order":0,"comment_status":"closed","ping_status":"closed","template":"","meta":{"footnotes":""},"_links":{"self":[{"href":"https:\/\/www.drcadic.com\/index.php\/wp-json\/wp\/v2\/pages\/516"}],"collection":[{"href":"https:\/\/www.drcadic.com\/index.php\/wp-json\/wp\/v2\/pages"}],"about":[{"href":"https:\/\/www.drcadic.com\/index.php\/wp-json\/wp\/v2\/types\/page"}],"author":[{"embeddable":true,"href":"https:\/\/www.drcadic.com\/index.php\/wp-json\/wp\/v2\/users\/2"}],"replies":[{"embeddable":true,"href":"https:\/\/www.drcadic.com\/index.php\/wp-json\/wp\/v2\/comments?post=516"}],"version-history":[{"count":1,"href":"https:\/\/www.drcadic.com\/index.php\/wp-json\/wp\/v2\/pages\/516\/revisions"}],"predecessor-version":[{"id":518,"href":"https:\/\/www.drcadic.com\/index.php\/wp-json\/wp\/v2\/pages\/516\/revisions\/518"}],"wp:attachment":[{"href":"https:\/\/www.drcadic.com\/index.php\/wp-json\/wp\/v2\/media?parent=516"}],"curies":[{"name":"wp","href":"https:\/\/api.w.org\/{rel}","templated":true}]}}