{"id":46,"date":"2018-05-21T17:07:04","date_gmt":"2018-05-21T15:07:04","guid":{"rendered":"http:\/\/www.drcadic.com\/?page_id=46"},"modified":"2022-09-28T14:40:10","modified_gmt":"2022-09-28T12:40:10","slug":"horaires-du-centre","status":"publish","type":"page","link":"https:\/\/www.drcadic.com\/index.php\/horaires-du-centre\/","title":{"rendered":"Horaires du centre"},"content":{"rendered":"<p><img loading=\"lazy\" decoding=\"async\" class=\"size-full wp-image-48 aligncenter\" src=\"https:\/\/www.drcadic.com\/wp-content\/uploads\/2018\/05\/ouvert.jpg\" alt=\"\" width=\"900\" height=\"167\" srcset=\"https:\/\/www.drcadic.com\/wp-content\/uploads\/2018\/05\/ouvert.jpg 900w, https:\/\/www.drcadic.com\/wp-content\/uploads\/2018\/05\/ouvert-300x56.jpg 300w, https:\/\/www.drcadic.com\/wp-content\/uploads\/2018\/05\/ouvert-768x143.jpg 768w\" sizes=\"(max-width: 900px) 100vw, 900px\" \/><\/p>\n<p>Le cabinet m\u00e9dical est ouvert du LUNDI au SAMEDI de 9 heures \u00e0 19 heures et assure les diff\u00e9rents types de soins propos\u00e9s. Le Dr CADIC fonctionne sur rendez-vous uniquement. TOUS LES RDV doivent \u00eatre pris, pr\u00e9f\u00e9rentiellement par <a href=\"http:\/\/rdv.cadic.com\/rdv\">internet ou smartphone<\/a>\u00a0ou, \u00e0 d\u00e9faut, par t\u00e9l\u00e9phone.<\/p>\n<h4>\u00b7\u00a0\u00a0\u00a0\u00a0\u00a0\u00a0 Rendez-vous pour les soins esth\u00e9tiques et laser: 02.38.64.28.28<\/h4>\n<p>Les enfants ne sont pas admis au cabinet \/ Les animaux (hors aidant PMR) ne sont pas admis au cabinet \/ La nourriture et les pique-niques en salle d&#8217;attente ne sont pas tol\u00e9r\u00e9s. Tous les d\u00e9gradations feront l&#8217;objet d&#8217;une facturation pour remise en l&#8217;\u00e9tat.<\/p>\n<p><strong><u>NOTE IMPORTANTE \/ POLITESSE, \u00a0RESPECT DE PROFESSIONNELS DE SANTE &amp; RESPECT DES AUTRES PATIENTS<\/u><\/strong><\/p>\n<p>Pour des raisons de p\u00e9nurie grave de l&#8217;offre de soins en r\u00e9gion centre, <strong>les rendez -vous non honor\u00e9s ne sont pas tol\u00e9r\u00e9s au cabinet<\/strong>.<\/p>\n","protected":false},"excerpt":{"rendered":"<p>Le cabinet m\u00e9dical est ouvert du LUNDI au SAMEDI de 9 heures \u00e0 19 heures et assure les diff\u00e9rents types de soins propos\u00e9s. Le Dr CADIC fonctionne sur rendez-vous uniquement. TOUS LES RDV doivent \u00eatre pris, pr\u00e9f\u00e9rentiellement par internet ou smartphone\u00a0ou, \u00e0 d\u00e9faut, par t\u00e9l\u00e9phone. \u00b7\u00a0\u00a0\u00a0\u00a0\u00a0\u00a0 Rendez-vous pour les soins esth\u00e9tiques et laser: 02.38.64.28.28 Les <a class=\"more-link\" href=\"https:\/\/www.drcadic.com\/index.php\/horaires-du-centre\/\">la suite&#8230; <i class=\"fa fa-chevron-right\"><\/i><\/a><\/p>\n","protected":false},"author":2,"featured_media":0,"parent":0,"menu_order":0,"comment_status":"closed","ping_status":"closed","template":"","meta":{"footnotes":""},"_links":{"self":[{"href":"https:\/\/www.drcadic.com\/index.php\/wp-json\/wp\/v2\/pages\/46"}],"collection":[{"href":"https:\/\/www.drcadic.com\/index.php\/wp-json\/wp\/v2\/pages"}],"about":[{"href":"https:\/\/www.drcadic.com\/index.php\/wp-json\/wp\/v2\/types\/page"}],"author":[{"embeddable":true,"href":"https:\/\/www.drcadic.com\/index.php\/wp-json\/wp\/v2\/users\/2"}],"replies":[{"embeddable":true,"href":"https:\/\/www.drcadic.com\/index.php\/wp-json\/wp\/v2\/comments?post=46"}],"version-history":[{"count":6,"href":"https:\/\/www.drcadic.com\/index.php\/wp-json\/wp\/v2\/pages\/46\/revisions"}],"predecessor-version":[{"id":370,"href":"https:\/\/www.drcadic.com\/index.php\/wp-json\/wp\/v2\/pages\/46\/revisions\/370"}],"wp:attachment":[{"href":"https:\/\/www.drcadic.com\/index.php\/wp-json\/wp\/v2\/media?parent=46"}],"curies":[{"name":"wp","href":"https:\/\/api.w.org\/{rel}","templated":true}]}}