{"id":372,"date":"2022-10-10T10:27:28","date_gmt":"2022-10-10T08:27:28","guid":{"rendered":"http:\/\/www.drcadic.com\/?page_id=372"},"modified":"2022-10-10T10:28:54","modified_gmt":"2022-10-10T08:28:54","slug":"position-de-lacademie-nationale-de-medecine","status":"publish","type":"page","link":"https:\/\/www.drcadic.com\/index.php\/position-de-lacademie-nationale-de-medecine\/","title":{"rendered":"Position de l&#8217;acad\u00e9mie nationale de m\u00e9decine"},"content":{"rendered":"<p>Dans un communiqu\u00e9, elle (l&#8217;acad\u00e9mie nationale de m\u00e9decine) estime que \u00abl\u2019offre de soins dans ce domaine se d\u00e9veloppe et se diversifie fortement, avec le risque d\u2019\u00e9chapper \u00e0 tout contr\u00f4le et de poser de graves probl\u00e8mes de comp\u00e9tence\u00bb.<\/p>\n<p>L\u2019Acad\u00e9mie souligne aussi que \u00abl\u2019explosion des actes de m\u00e9decine esth\u00e9tique r\u00e9alis\u00e9s par des professionnels non qualifi\u00e9s va de pair avec un nombre croissant de \u2018complications graves\u2019\u00bb, comme des infections, par manque d\u2019hygi\u00e8ne, des paralysies, des n\u00e9croses cutan\u00e9es, li\u00e9es \u00e0 une injection mal r\u00e9alis\u00e9e, voire des d\u00e9formations.<\/p>\n<p>Renforcer la formation des m\u00e9decins esth\u00e9tiques<\/p>\n<p>Rappelant que la pratique de la m\u00e9decine esth\u00e9tique doit \u00eatre r\u00e9alis\u00e9e par un m\u00e9decin, elle propose qu\u2019une \u00abformation validante\u00bb, dans le cadre d\u2019un dipl\u00f4me universitaire ou inter-universitaire, soit requise pour les nouveaux m\u00e9decins ou les sp\u00e9cialistes n\u2019ayant pas une formation sp\u00e9cifique et suffisante incluse dans leur sp\u00e9cialit\u00e9.<\/p>\n<p><a href=\"https:\/\/www.academie-medecine.fr\/wp-content\/uploads\/2022\/10\/22.10.4-Communique-PCRA-La-medecine-esthetique-en-croissance-1.pdf\">https:\/\/www.academie-medecine.fr\/wp-content\/uploads\/2022\/10\/22.10.4-Communique-PCRA-La-medecine-esthetique-en-croissance-1.pdf<\/a><\/p>\n<p>&nbsp;<\/p>\n","protected":false},"excerpt":{"rendered":"<p>Dans un communiqu\u00e9, elle (l&#8217;acad\u00e9mie nationale de m\u00e9decine) estime que \u00abl\u2019offre de soins dans ce domaine se d\u00e9veloppe et se diversifie fortement, avec le risque d\u2019\u00e9chapper \u00e0 tout contr\u00f4le et de poser de graves probl\u00e8mes de comp\u00e9tence\u00bb. L\u2019Acad\u00e9mie souligne aussi que \u00abl\u2019explosion des actes de m\u00e9decine esth\u00e9tique r\u00e9alis\u00e9s par des professionnels non qualifi\u00e9s va de <a class=\"more-link\" href=\"https:\/\/www.drcadic.com\/index.php\/position-de-lacademie-nationale-de-medecine\/\">la suite&#8230; <i class=\"fa fa-chevron-right\"><\/i><\/a><\/p>\n","protected":false},"author":2,"featured_media":0,"parent":0,"menu_order":0,"comment_status":"closed","ping_status":"closed","template":"","meta":{"footnotes":""},"_links":{"self":[{"href":"https:\/\/www.drcadic.com\/index.php\/wp-json\/wp\/v2\/pages\/372"}],"collection":[{"href":"https:\/\/www.drcadic.com\/index.php\/wp-json\/wp\/v2\/pages"}],"about":[{"href":"https:\/\/www.drcadic.com\/index.php\/wp-json\/wp\/v2\/types\/page"}],"author":[{"embeddable":true,"href":"https:\/\/www.drcadic.com\/index.php\/wp-json\/wp\/v2\/users\/2"}],"replies":[{"embeddable":true,"href":"https:\/\/www.drcadic.com\/index.php\/wp-json\/wp\/v2\/comments?post=372"}],"version-history":[{"count":2,"href":"https:\/\/www.drcadic.com\/index.php\/wp-json\/wp\/v2\/pages\/372\/revisions"}],"predecessor-version":[{"id":375,"href":"https:\/\/www.drcadic.com\/index.php\/wp-json\/wp\/v2\/pages\/372\/revisions\/375"}],"wp:attachment":[{"href":"https:\/\/www.drcadic.com\/index.php\/wp-json\/wp\/v2\/media?parent=372"}],"curies":[{"name":"wp","href":"https:\/\/api.w.org\/{rel}","templated":true}]}}