{"id":356,"date":"2022-09-06T17:28:10","date_gmt":"2022-09-06T15:28:10","guid":{"rendered":"https:\/\/www.drcadic.com\/?page_id=356"},"modified":"2022-09-06T17:35:12","modified_gmt":"2022-09-06T15:35:12","slug":"emission-fraude-medicale-m6","status":"publish","type":"page","link":"https:\/\/www.drcadic.com\/index.php\/emission-fraude-medicale-m6\/","title":{"rendered":"Emission Fraude M\u00e9dicale M6"},"content":{"rendered":"<p>Pour faire suite\u00a0 \u00e0 l\u2019\u00e9mission de t\u00e9l\u00e9vision M6 du 05\/09\/2022 sur la Fraude m\u00e9dicale, le cabinet tient \u00e0 pr\u00e9ciser certains points\u00a0:<\/p>\n<p>Aucun acte\u00a0esth\u00e9tique ne peut \u00eatre pris en charge par la s\u00e9curit\u00e9 sociale. Le fait pour le m\u00e9decin de maquiller un acte esth\u00e9tique en acte m\u00e9dical avec feuille de soins o\u00f9 tiers payant (par exemple une fausse consultation, un acte de microscl\u00e9rose mousse maquill\u00e9 en acte doppler, une \u00e9pilation laser maquill\u00e9es un acte technique interventionnel) constitue une fraude aux organismes sociaux, \u00e0 l\u2019assurance maladie ou aux mutuelles mais aussi \u00e0 la TVA en sus une violation du code de d\u00e9ontologie m\u00e9dicale qui prohibe les actes fictifs ou fausses d\u00e9clarations.<\/p>\n<p>Ces &#8216;arrangements&#8217; avec la l\u00e9galit\u00e9 font courir au patient un risque de mauvais suivi car les actes irr\u00e9guliers ne sont forc\u00e9ment pas couverts par les assurances en cas de complication. Tous les actes doivent \u00eatre trac\u00e9s dans votre dossier m\u00e9dical pour assurer une tra\u00e7abilit\u00e9 irr\u00e9prochable.<\/p>\n<p>Enfin pour les actes m\u00e9dicaux et m\u00e9dico esth\u00e9tiques, comme par exemple, le laser: <span style=\"color: #ff0000;\"><strong>LE MEDECIN DOIT ETRE SUR PLACE DANS LE CENTRE. IL DOIT FIXER LES PARAMETRES DE TRAITEMENT LUI MEME , Y COMPRIS QUAND LE SOIN EST REALISE PAR UNE ASSISTANTE<\/strong><\/span>. Enfin les promotions, les ventes li\u00e9es de produits cosm\u00e9tiques sont interdites dans les centres m\u00e9dicaux.<\/p>\n<p>Les prescriptions de cr\u00e8me anesth\u00e9siantes (Cr\u00e8me EMLA) sont de la comp\u00e9tence exclusive des m\u00e9decins. En aucun cas, sauf a se rendre coupable d&#8217;exercice ill\u00e9gal de la m\u00e9decine, une secr\u00e9taire m\u00e9dicale, ou une infirmi\u00e8re, ne peut r\u00e9diger une ordonnance, encore moins la signer \u00e0 la place d&#8217;un m\u00e9decin. Nous rappelons que les m\u00e9dicaments anesth\u00e9siants ne sont pas anodins et susceptibles de provoquer des complications s\u00e9rieuses s&#8217;ils sont prescrits sans examen clinique et sans discernement. La r\u00e9glementation a \u00e9t\u00e9 \u00e9tablie pour prot\u00e9ger la sant\u00e9 publique.<\/p>\n","protected":false},"excerpt":{"rendered":"<p>Pour faire suite\u00a0 \u00e0 l\u2019\u00e9mission de t\u00e9l\u00e9vision M6 du 05\/09\/2022 sur la Fraude m\u00e9dicale, le cabinet tient \u00e0 pr\u00e9ciser certains points\u00a0: Aucun acte\u00a0esth\u00e9tique ne peut \u00eatre pris en charge par la s\u00e9curit\u00e9 sociale. Le fait pour le m\u00e9decin de maquiller un acte esth\u00e9tique en acte m\u00e9dical avec feuille de soins o\u00f9 tiers payant (par exemple <a class=\"more-link\" href=\"https:\/\/www.drcadic.com\/index.php\/emission-fraude-medicale-m6\/\">la suite&#8230; <i class=\"fa fa-chevron-right\"><\/i><\/a><\/p>\n","protected":false},"author":2,"featured_media":0,"parent":0,"menu_order":0,"comment_status":"closed","ping_status":"closed","template":"","meta":{"footnotes":""},"_links":{"self":[{"href":"https:\/\/www.drcadic.com\/index.php\/wp-json\/wp\/v2\/pages\/356"}],"collection":[{"href":"https:\/\/www.drcadic.com\/index.php\/wp-json\/wp\/v2\/pages"}],"about":[{"href":"https:\/\/www.drcadic.com\/index.php\/wp-json\/wp\/v2\/types\/page"}],"author":[{"embeddable":true,"href":"https:\/\/www.drcadic.com\/index.php\/wp-json\/wp\/v2\/users\/2"}],"replies":[{"embeddable":true,"href":"https:\/\/www.drcadic.com\/index.php\/wp-json\/wp\/v2\/comments?post=356"}],"version-history":[{"count":4,"href":"https:\/\/www.drcadic.com\/index.php\/wp-json\/wp\/v2\/pages\/356\/revisions"}],"predecessor-version":[{"id":361,"href":"https:\/\/www.drcadic.com\/index.php\/wp-json\/wp\/v2\/pages\/356\/revisions\/361"}],"wp:attachment":[{"href":"https:\/\/www.drcadic.com\/index.php\/wp-json\/wp\/v2\/media?parent=356"}],"curies":[{"name":"wp","href":"https:\/\/api.w.org\/{rel}","templated":true}]}}