{"id":34,"date":"2018-05-21T16:57:21","date_gmt":"2018-05-21T14:57:21","guid":{"rendered":"http:\/\/www.drcadic.com\/?page_id=34"},"modified":"2022-03-03T16:23:44","modified_gmt":"2022-03-03T15:23:44","slug":"les-lasers-en-soins-dermatologiques","status":"publish","type":"page","link":"https:\/\/www.drcadic.com\/index.php\/les-lasers-en-soins-dermatologiques\/","title":{"rendered":"Les lasers en soins dermatologiques"},"content":{"rendered":"<p><img loading=\"lazy\" decoding=\"async\" class=\"size-full wp-image-35 aligncenter\" src=\"https:\/\/www.drcadic.com\/wp-content\/uploads\/2018\/05\/salle1.jpg\" alt=\"\" width=\"1200\" height=\"603\" srcset=\"https:\/\/www.drcadic.com\/wp-content\/uploads\/2018\/05\/salle1.jpg 1200w, https:\/\/www.drcadic.com\/wp-content\/uploads\/2018\/05\/salle1-300x151.jpg 300w, https:\/\/www.drcadic.com\/wp-content\/uploads\/2018\/05\/salle1-768x386.jpg 768w, https:\/\/www.drcadic.com\/wp-content\/uploads\/2018\/05\/salle1-1024x515.jpg 1024w\" sizes=\"(max-width: 1200px) 100vw, 1200px\" \/><\/p>\n<p>Le centre m\u00e9dical propose diff\u00e9rent types de soins \u00e0 orientation dermatologique mais aussi dans les indications phl\u00e9bologie\/couperose.<\/p>\n<ul>\n<li><strong>Soins d&#8217;\u00e9pilation laser (\u00e9pilation progressivement d\u00e9finitive)<\/strong><\/li>\n<li><strong>Prise en charge de la couperose et de varicosit\u00e9s du visage<\/strong><\/li>\n<li><strong>Prise en charge des varices des jambes par laser<\/strong><\/li>\n<li><strong>Prise en charge des cicatrices d&#8217;acn\u00e9 par laser<\/strong><\/li>\n<li><strong>Prise en charge de l&#8217;acn\u00e9 \u00e9volutive par laser<\/strong><\/li>\n<li><strong>Retrait des tatouages par laser Q-Switch\u00e9<\/strong><\/li>\n<li><strong>Prise en charge des verrues r\u00e9sistantes par laser chirurgical<\/strong><\/li>\n<li><strong>Prise en charge des rides et rajeunissement du visage<\/strong><\/li>\n<li><strong>Prise en charge des troubles de la pigmentations par laser<\/strong><\/li>\n<\/ul>\n<h2>Diff\u00e9rence en laser et lumi\u00e8re puls\u00e9e<\/h2>\n<p>Il existe 2 types de lumi\u00e8re puls\u00e9e: les lumi\u00e8res puls\u00e9es avec marquage CE m\u00e9dical qui sont des dispositifs m\u00e9dicaux et les lumi\u00e8res puls\u00e9es non m\u00e9dicales avec simple marquage CE \u00e9lectrique. Les m\u00e9decins ont l&#8217;obligation d&#8217;utiliser des dispositifs m\u00e9dicaux avec marquage CE m\u00e9dical.<\/p>\n<p>Entre les mains d&#8217;un bon praticien qui conna\u00eet la manipulation des dispositifs de puissance, dans la majorit\u00e9 des cas, il n&#8217;y a pas de diff\u00e9rence fondamentale d&#8217;efficacit\u00e9 entre IPL et LASER. la technologie est certes diff\u00e9rente, mais les r\u00e9sultats sont \u00e9quivalents lorsque du mat\u00e9riel haut de gamme est utilis\u00e9. Tout au plus, les lasers disposent d&#8217;une meilleure efficacit\u00e9 dans les cas complexes (poils r\u00e9sistants en \u00e9pilation, par exemple) et peuvent n\u00e9cessiter un peu moins de s\u00e9ances qu&#8217;avec une IPL. Il n&#8217;y a pas lieu de critiquer les IPL versus laser dans la majorit\u00e9 des cas de figures. Le m\u00e9decin choisit la technique la plus adapt\u00e9e au cas particulier de son patient. Les 2 technologies apportent des r\u00e9sultats superposables dans bien des situations.<\/p>\n<h2>L\u00e9galit\u00e9 de la pratique des actes laser<\/h2>\n<p>Les actes r\u00e9alis\u00e9s avec un laser. Ils ne peuvent \u00eatre pratiqu\u00e9s que par un m\u00e9decin titulaire du dipl\u00f4me en m\u00e9decine (M\u00e9decin g\u00e9n\u00e9raliste, Dermatologue, Angiologue, Endocrinologue etc &#8230;.) . <strong>Le cabinet m\u00e9dical ne d\u00e9l\u00e8gue aucun soin laser. La d\u00e9l\u00e9gation est cependant autoris\u00e9e<\/strong>. sous supervision stricte du m\u00e9decin qui doit \u00eatre sur place et doit fixer les param\u00e8tres du traitement.<\/p>\n<h2>Pourquoi r\u00e9aliser un soin laser chez un m\u00e9decin ?<\/h2>\n<p>Le m\u00e9decin pourra effectuer une vraie consultation m\u00e9dicale \u00e0 la recherche des facteurs de risques ou d&#8217;une contra-indication \u00e0 la pratique de l&#8217;acte m\u00e9dical laser. Il pourra, par exemple, rechercher une cause hormonale ou pathologique dans le cadre d&#8217;une hyperpilosit\u00e9 , la bilanter (dosages hormonaux, \u00e9chographie &#8230;) et la faire traiter pour de meilleurs r\u00e9sultats du traitement laser (moins de s\u00e9ances, meilleurs r\u00e9sultats ou , parfois pas besoin de s\u00e9ances , la cause ayant \u00e9t\u00e9 gu\u00e9rie.)<\/p>\n<p>Le m\u00e9decin qui exerce un acte l\u00e9galement peut et doit \u00eatre assur\u00e9 pour sa pratique. En cas de complication ou de s\u00e9quelles, le patient peut \u00eatre pris en charge m\u00e9dicalement ou via les assurances.<\/p>\n<p>Le m\u00e9decin qui pratique un acte laser th\u00e9rapeutique ou esth\u00e9tique est soumis au secret professionnel comme pour n&#8217;importe quel acte m\u00e9dical.<\/p>\n<p>Le m\u00e9decin qui pratique des soins laser est soumis aux m\u00eames r\u00e8gles de conservation du dossier m\u00e9dical que pour la pratique de la m\u00e9decine traditionnelle. La conservation des dossiers assurent la s\u00e9curit\u00e9 des patients et la possible transmission du dossier en cas de d\u00e9m\u00e9nagement, de recherche d&#8217;information m\u00e9dicale des ann\u00e9es apr\u00e8s le geste.<\/p>\n<p>Le m\u00e9decin est form\u00e9 \u00e0 la pratique du geste laser, mais aussi \u00e0 la gestion des effets secondaires. Il peut assurer le suivi du patient sur tous les plans du traitement laser. Il peut conseiller son patient et \u00e9valuer les r\u00e9sultats tout au long du processus de soin.<\/p>\n","protected":false},"excerpt":{"rendered":"<p>Le centre m\u00e9dical propose diff\u00e9rent types de soins \u00e0 orientation dermatologique mais aussi dans les indications phl\u00e9bologie\/couperose. Soins d&#8217;\u00e9pilation laser (\u00e9pilation progressivement d\u00e9finitive) Prise en charge de la couperose et de varicosit\u00e9s du visage Prise en charge des varices des jambes par laser Prise en charge des cicatrices d&#8217;acn\u00e9 par laser Prise en charge de <a class=\"more-link\" href=\"https:\/\/www.drcadic.com\/index.php\/les-lasers-en-soins-dermatologiques\/\">la suite&#8230; <i class=\"fa fa-chevron-right\"><\/i><\/a><\/p>\n","protected":false},"author":2,"featured_media":0,"parent":0,"menu_order":0,"comment_status":"closed","ping_status":"closed","template":"page-fullwidth.php","meta":{"footnotes":""},"_links":{"self":[{"href":"https:\/\/www.drcadic.com\/index.php\/wp-json\/wp\/v2\/pages\/34"}],"collection":[{"href":"https:\/\/www.drcadic.com\/index.php\/wp-json\/wp\/v2\/pages"}],"about":[{"href":"https:\/\/www.drcadic.com\/index.php\/wp-json\/wp\/v2\/types\/page"}],"author":[{"embeddable":true,"href":"https:\/\/www.drcadic.com\/index.php\/wp-json\/wp\/v2\/users\/2"}],"replies":[{"embeddable":true,"href":"https:\/\/www.drcadic.com\/index.php\/wp-json\/wp\/v2\/comments?post=34"}],"version-history":[{"count":3,"href":"https:\/\/www.drcadic.com\/index.php\/wp-json\/wp\/v2\/pages\/34\/revisions"}],"predecessor-version":[{"id":311,"href":"https:\/\/www.drcadic.com\/index.php\/wp-json\/wp\/v2\/pages\/34\/revisions\/311"}],"wp:attachment":[{"href":"https:\/\/www.drcadic.com\/index.php\/wp-json\/wp\/v2\/media?parent=34"}],"curies":[{"name":"wp","href":"https:\/\/api.w.org\/{rel}","templated":true}]}}