{"id":322,"date":"2022-03-03T19:44:25","date_gmt":"2022-03-03T18:44:25","guid":{"rendered":"https:\/\/www.drcadic.com\/?page_id=322"},"modified":"2022-03-03T19:44:49","modified_gmt":"2022-03-03T18:44:49","slug":"322-2","status":"publish","type":"page","link":"https:\/\/www.drcadic.com\/index.php\/322-2\/","title":{"rendered":"Epilation des jambes et de cuisses par laser alexandrite"},"content":{"rendered":"<p><strong>Epilation des jambes et de cuisses par laser alexandrite. Les points importants<\/strong><\/p>\n<p>L\u2019\u00e9pilation des membres inf\u00e9rieurs constitue une demande assez fr\u00e9quente des patientes en mati\u00e8re d\u2019\u00e9pilation laser. C\u2019est une zone assez r\u00e9active pr\u00e9sentant plut\u00f4t de bons r\u00e9sultats.<\/p>\n<p>Les zones les plus r\u00e9ceptives o\u00f9 le laser est le plus efficace sont les jambes (commun\u00e9ment appel\u00e9e \u00bd jambes chez les esth\u00e9ticiennes), la face interne et arri\u00e8re des cuisses. La face externe des cuisses et la zone du genou r\u00e9agissent traditionnellement plus difficilement ou plus lentement. Le gros orteil peut aussi r\u00e9agir moins bien ou plus lentement que les autres zones.<\/p>\n<p><img loading=\"lazy\" decoding=\"async\" class=\"aligncenter size-full wp-image-252\" src=\"https:\/\/www.drcadic.com\/wp-content\/uploads\/2022\/03\/12jambe.jpg\" alt=\"\" width=\"425\" height=\"709\" srcset=\"https:\/\/www.drcadic.com\/wp-content\/uploads\/2022\/03\/12jambe.jpg 425w, https:\/\/www.drcadic.com\/wp-content\/uploads\/2022\/03\/12jambe-180x300.jpg 180w\" sizes=\"(max-width: 425px) 100vw, 425px\" \/><\/p>\n<p>Le protocole laser pour l\u2019\u00e9pilation des jambes comporte de 5 \u00e0 7 s\u00e9ances espac\u00e9es d\u2019environ 2 mois au d\u00e9but. Pour les cuisses, on compte plut\u00f4t autour de 5 a 9 s\u00e9ances, espac\u00e9es, elles aussi de 2 mois dans les premi\u00e8re s\u00e9ances.<\/p>\n<p>Le membre est balay\u00e9 verticalement, de proche en proche pour couvrir progressivement toute la zone. Le m\u00e9decin \u00e9vite les gros grains de beaut\u00e9 et les tatouages.<\/p>\n<p>Les crit\u00e8res d\u2019efficacit\u00e9 d\u2019une \u00e9pilation laser des membres inf\u00e9rieurs sont les suivants \u00e0 chaque s\u00e9ance\u00a0: des poils plus fins, plus clairs, moins nombreux, repoussant de plus en plus lentement.<\/p>\n<p>L\u2019\u00e9pilation de 100% des poils est tr\u00e8s rare.<\/p>\n<p>&nbsp;<\/p>\n<p>&nbsp;<\/p>\n<p>&nbsp;<\/p>\n<p>&nbsp;<\/p>\n","protected":false},"excerpt":{"rendered":"<p>Epilation des jambes et de cuisses par laser alexandrite. Les points importants L\u2019\u00e9pilation des membres inf\u00e9rieurs constitue une demande assez fr\u00e9quente des patientes en mati\u00e8re d\u2019\u00e9pilation laser. C\u2019est une zone assez r\u00e9active pr\u00e9sentant plut\u00f4t de bons r\u00e9sultats. Les zones les plus r\u00e9ceptives o\u00f9 le laser est le plus efficace sont les jambes (commun\u00e9ment appel\u00e9e \u00bd <a class=\"more-link\" href=\"https:\/\/www.drcadic.com\/index.php\/322-2\/\">la suite&#8230; <i class=\"fa fa-chevron-right\"><\/i><\/a><\/p>\n","protected":false},"author":2,"featured_media":0,"parent":0,"menu_order":0,"comment_status":"closed","ping_status":"closed","template":"","meta":{"footnotes":""},"_links":{"self":[{"href":"https:\/\/www.drcadic.com\/index.php\/wp-json\/wp\/v2\/pages\/322"}],"collection":[{"href":"https:\/\/www.drcadic.com\/index.php\/wp-json\/wp\/v2\/pages"}],"about":[{"href":"https:\/\/www.drcadic.com\/index.php\/wp-json\/wp\/v2\/types\/page"}],"author":[{"embeddable":true,"href":"https:\/\/www.drcadic.com\/index.php\/wp-json\/wp\/v2\/users\/2"}],"replies":[{"embeddable":true,"href":"https:\/\/www.drcadic.com\/index.php\/wp-json\/wp\/v2\/comments?post=322"}],"version-history":[{"count":2,"href":"https:\/\/www.drcadic.com\/index.php\/wp-json\/wp\/v2\/pages\/322\/revisions"}],"predecessor-version":[{"id":324,"href":"https:\/\/www.drcadic.com\/index.php\/wp-json\/wp\/v2\/pages\/322\/revisions\/324"}],"wp:attachment":[{"href":"https:\/\/www.drcadic.com\/index.php\/wp-json\/wp\/v2\/media?parent=322"}],"curies":[{"name":"wp","href":"https:\/\/api.w.org\/{rel}","templated":true}]}}