{"id":319,"date":"2022-03-03T19:09:28","date_gmt":"2022-03-03T18:09:28","guid":{"rendered":"https:\/\/www.drcadic.com\/?page_id=319"},"modified":"2022-03-03T19:09:28","modified_gmt":"2022-03-03T18:09:28","slug":"laser-a-colorant-pulse-pour-angiomes-couperose-acne-rosacee","status":"publish","type":"page","link":"https:\/\/www.drcadic.com\/index.php\/laser-a-colorant-pulse-pour-angiomes-couperose-acne-rosacee\/","title":{"rendered":"Laser \u00e0 colorant puls\u00e9 pour angiomes, couperose, acn\u00e9 rosac\u00e9e"},"content":{"rendered":"<p><span style=\"text-decoration: underline;\"><strong>Les lasers \u00e0 colorant puls\u00e9<\/strong><\/span><\/p>\n<p>Les lasers dermatologiques \u00e0 colorant puls\u00e9 sont des lumi\u00e8res puissantes g\u00e9n\u00e9r\u00e9es \u00e0 partir d\u2019un liquide. Leur couleur est sp\u00e9cifique autour de 590 nm\u00a0: Jaune. La couleur jaune de ces lasers dispose de la propri\u00e9t\u00e9 de traverser les couches superficielles de la peau pour se focaliser sur l\u2019h\u00e9moglobine des globules rouges qu\u2019elle fait coaguler. Ces lasers, par leur faible p\u00e9n\u00e9tration, sont utilis\u00e9s pour traiter les petits vaisseaux superficiels de la face ou des cuisses.<\/p>\n<p>Le cabinet est \u00e9quip\u00e9 d\u2019un laser \u00e0 colorant puls\u00e9 dont les indications m\u00e9dico-esth\u00e9tiques sont les suivantes<\/p>\n<p><strong>Laser \u00e0 colorant puls\u00e9 pour traiter les angiomes plans (t\u00e2ches de vin) en p\u00e9diatrie<\/strong><\/p>\n<p>Le laser \u00e0 colorant puls\u00e9 est le traitement de choix pour am\u00e9liorer ou effacer les angiomes plans du corps et du visage chez les enfants. C\u2019est malheureusement un traitement long car il faut multiplier les s\u00e9ances. Ce traitement est rembours\u00e9 totalement ou partiellement par la s\u00e9curit\u00e9 sociale.<\/p>\n<p><strong>Laser \u00e0 colorant puls\u00e9 pour traiter la couperose ou l\u2019acn\u00e9 rosac\u00e9e<\/strong><\/p>\n<p>Le laser \u00e0 colorant puls\u00e9, avec le laser KTP, est un outil int\u00e9ressant pour prendre en charge la couperose dans les stades initiaux ou moyens de son \u00e9volution. Il faut compter de 1 \u00e0 3 s\u00e9ances, espac\u00e9es de 2 \u00e0 3 mois pour obtenir des r\u00e9sultats progressifs. Il est conseill\u00e9 de faire un entretien annuel ou bi annuel pour maintenir le r\u00e9sultat. Bien que mal adapt\u00e9 pour cette indication, le laser \u00e0 colorant puls\u00e9 dispose de propri\u00e9t\u00e9s pigmentaires et de remodelage. Il n\u2019est donc par rare que les patientes b\u00e9n\u00e9ficient d\u2019une am\u00e9lioration du teint et de la texture de la peau.<\/p>\n<p><strong>Laser \u00e0 colorant puls\u00e9 pour traiter les angiomes rubis ou stellaires<\/strong><\/p>\n<p>Les angiomes rubis ou spots de Morgan sont des tous petits lacs veineux sous cutan\u00e9s rouges apparaissant sur le tronc, le doc et les racines des bras ou cuisses. Ils peuvent indiff\u00e9remment \u00eatre trait\u00e9s par laser YAG ou \u00e0 colorant puls\u00e9. Une seule s\u00e9ance est g\u00e9n\u00e9ralement suffisante. Ces l\u00e9sions non inqui\u00e9tantes ont cependant tendance \u00e0 r\u00e9apparaitre au bout de quelques ann\u00e9es. Un traitement d\u2019entretien une fois tous les 2 ou 3 ans peut \u00eatre n\u00e9cessaire.<\/p>\n<p>Les lasers \u00e0 colorant puls\u00e9 ne sont pas des lasers douloureux. Ils p\u00e9n\u00e8trent tr\u00e8s peu profond dans la peau. Un flux de froid est utilis\u00e9 pour limiter la douleur et les risques d\u2019\u00e9chauffement de la peau.<\/p>\n<p>Enfin, les lasers \u00e0 colorant puls\u00e9 n\u2019ont qu\u2019assez peu de complication. Du fait de leur faible p\u00e9n\u00e9tration dans la profondeur de la peau, les rares br\u00fblures qu\u2019ils provoquent sont g\u00e9n\u00e9ralement de type 1<sup>er<\/sup> degr\u00e9, donc faciles \u00e0 traiter.<\/p>\n<p>Les lasers jaunes produisent une lumi\u00e8re violente\u00a0: le port de coques de protection oculaire ou de lunettes (de couleur bleue) est indispensable.<\/p>\n<p>&nbsp;<\/p>\n<p><span style=\"text-decoration: underline;\"><strong>Deux r\u00e9glages avec les lasers \u00e0 colorant puls\u00e9<\/strong><\/span><\/p>\n<p>Les lasers \u00e0 colorant puls\u00e9 peuvent \u00eatre utilis\u00e9s de 2 fa\u00e7ons et avec 2 r\u00e9glages diff\u00e9rents ne produisant pas exactement le m\u00eame effet sur les vaisseaux<\/p>\n<p><strong>R\u00e9glage de photocoagulation\u00a0<\/strong>: faire coaguler et chauffer le vaisseau pour le conduire \u00e0 se d\u00e9grader lentement. Les vaisseaux coagulent et une partie se d\u00e9grade lentement dans les 2 \u00e0 3 mois qui suivent la s\u00e9ance laser. Il n\u2019y a pas d\u2019\u00e9viction sociale et l\u2019on peut retravailler le lendemain.<\/p>\n<p><strong>R\u00e9glage de photo-disruption<\/strong>\u00a0: faire exploser le vaisseau \u00a0Cette r\u00e9action provoque un h\u00e9matome \u00e0 chaque impact puisque le vaisseau \u00e9clate, lib\u00e9rant un h\u00e9matome bleut\u00e9 \u00e0 son voisinage. On parle de traitement laser avec PURPURA. C\u2019est un traitement agressif mais tr\u00e8s efficace qui a pour d\u00e9faut de laisser un visage rempli de \u00abconfettis bleu\u00bb pendant une p\u00e9riode de 15j (\u00e9viction sociale).<\/p>\n<p>&nbsp;<\/p>\n<p>&nbsp;<\/p>\n","protected":false},"excerpt":{"rendered":"<p>Les lasers \u00e0 colorant puls\u00e9 Les lasers dermatologiques \u00e0 colorant puls\u00e9 sont des lumi\u00e8res puissantes g\u00e9n\u00e9r\u00e9es \u00e0 partir d\u2019un liquide. Leur couleur est sp\u00e9cifique autour de 590 nm\u00a0: Jaune. La couleur jaune de ces lasers dispose de la propri\u00e9t\u00e9 de traverser les couches superficielles de la peau pour se focaliser sur l\u2019h\u00e9moglobine des globules rouges <a class=\"more-link\" href=\"https:\/\/www.drcadic.com\/index.php\/laser-a-colorant-pulse-pour-angiomes-couperose-acne-rosacee\/\">la suite&#8230; <i class=\"fa fa-chevron-right\"><\/i><\/a><\/p>\n","protected":false},"author":2,"featured_media":0,"parent":0,"menu_order":0,"comment_status":"closed","ping_status":"closed","template":"","meta":{"footnotes":""},"_links":{"self":[{"href":"https:\/\/www.drcadic.com\/index.php\/wp-json\/wp\/v2\/pages\/319"}],"collection":[{"href":"https:\/\/www.drcadic.com\/index.php\/wp-json\/wp\/v2\/pages"}],"about":[{"href":"https:\/\/www.drcadic.com\/index.php\/wp-json\/wp\/v2\/types\/page"}],"author":[{"embeddable":true,"href":"https:\/\/www.drcadic.com\/index.php\/wp-json\/wp\/v2\/users\/2"}],"replies":[{"embeddable":true,"href":"https:\/\/www.drcadic.com\/index.php\/wp-json\/wp\/v2\/comments?post=319"}],"version-history":[{"count":1,"href":"https:\/\/www.drcadic.com\/index.php\/wp-json\/wp\/v2\/pages\/319\/revisions"}],"predecessor-version":[{"id":320,"href":"https:\/\/www.drcadic.com\/index.php\/wp-json\/wp\/v2\/pages\/319\/revisions\/320"}],"wp:attachment":[{"href":"https:\/\/www.drcadic.com\/index.php\/wp-json\/wp\/v2\/media?parent=319"}],"curies":[{"name":"wp","href":"https:\/\/api.w.org\/{rel}","templated":true}]}}