{"id":316,"date":"2022-03-03T18:37:28","date_gmt":"2022-03-03T17:37:28","guid":{"rendered":"https:\/\/www.drcadic.com\/?page_id=316"},"modified":"2022-03-03T18:37:28","modified_gmt":"2022-03-03T17:37:28","slug":"les-lasers-yag-en-epilation-peaux-noires-acne-cicatrices-rajeunissement","status":"publish","type":"page","link":"https:\/\/www.drcadic.com\/index.php\/les-lasers-yag-en-epilation-peaux-noires-acne-cicatrices-rajeunissement\/","title":{"rendered":"Les lasers YAG en \u00e9pilation peaux noires, acn\u00e9, cicatrices, rajeunissement"},"content":{"rendered":"<p><strong>Les lasers YAG<\/strong><\/p>\n<p>Les lasers dermatologiques dits YAG sont des lasers d&#8217;\u00e9pilation et des lasers vasculaires. Ils sont utilis\u00e9s pour \u00e9piler les peaux noires et tr\u00e8s fonc\u00e9es (phototype 5 et 6).<\/p>\n<p>Ces lasers produisent une couleur pr\u00e9cise dans l&#8217;infrarouge (1064 nm) cette longueur d&#8217;onde permet de cibler les follicules pileux des peaux fonc\u00e9es, mais aussi les globules rouges des petites varicosit\u00e9s du nez ou des jambes. Ces machines permettent donc d\u2019\u00e9piler les peaux noires et de traiter les petites varicosit\u00e9s. Les lasers Yag ont aussi une propri\u00e9t\u00e9 int\u00e9ressante sur le collag\u00e8ne et les glandes s\u00e9bac\u00e9es\u00a0: en stimulant le collag\u00e8ne ils ont des effets sur le rajeunissement de la peau, sur les cicatrices du visage, sur l\u2019acn\u00e9 et ses cicatrices.<\/p>\n<p>Le cabinet m\u00e9dical est \u00e9quip\u00e9 de lasers YAG dans les indications suivantes<\/p>\n<p><strong>Epilation des peaux fonc\u00e9es<\/strong>: inde, sri-lanka, peau afro-am\u00e9ricaines, peau africaines et m\u00e9tiss\u00e9es, peaux fonc\u00e9es sud am\u00e9ricaines et cara\u00eebes.<\/p>\n<p><strong>Le traitement des varices et t\u00e9langiectasies des jambes et du nez: <\/strong>Les lasers YAG se positionnent comme de bons compl\u00e9ments dans les soins phl\u00e9bologiques car ils compl\u00e8tent bien les scl\u00e9roses des varices par l\u2019angiologue. Ils permettent en effet de compl\u00e9ter le traitement, sur le versant esth\u00e9tique,\u00a0 car il a acc\u00e8s aux petites varicosit\u00e9s trop petites pour \u00eatre trait\u00e9es par injection de scl\u00e9rosant la l\u2019aiguille.<\/p>\n<p><strong>Le traitement de l\u2019acn\u00e9, des cicatrices et du rajeunissement du visage<\/strong><\/p>\n<p>&nbsp;<\/p>\n<p><strong>Les lasers YAG en \u00e9pilation<\/strong><\/p>\n<p>Ils s\u2019utilisent de la m\u00eame fa\u00e7on que les lasers d\u2019\u00e9pilation alexandrite. Le m\u00e9decin balaye la peau \u00e0 l\u2019aide d\u2019une pi\u00e8ce \u00e0 main. La peau est prot\u00e9g\u00e9e par froid puls\u00e9 pour limiter le risque de l\u00e9sion et de br\u00fblure. \u00a0L\u2019impact laser est d\u2019environ 15 mm \u00e0 20 mm de diam\u00e8tre. Il est d\u00e9plac\u00e9 de proche en proche sous forme de lignes pour couvrir toute la zone \u00e0 \u00e9piler.<\/p>\n<p>Le comportement du poil sous laser YAG est diff\u00e9rent de ce qu\u2019il se passe en laser Alexandrite. Sous YAG, le poil n\u2019est pas forcement volatilis\u00e9 au moment de la s\u00e9ance. Il reste en place et peut mettre \u00a0jusqu\u2019\u00e0 2 semaines avant de tomber.<\/p>\n<p>Tout comme avec les lasers \u00a0de peau blanche, l\u2019efficacit\u00e9 du YAG conduit, \u00e0 chaque s\u00e9ance, \u00e0 un poil de plus en plus clair, de plus en plus fin, de plus en plus rare et qui met de plus en plus de temps \u00e0 pousser.<\/p>\n<p>Les Lasers YAG peuvent aussi \u00eatre utilis\u00e9s dans l\u2019\u00e9pilation des peaux blanches bien que \u00e7a ne soit pas logique.<\/p>\n<p><strong>Les lasers YAG en phl\u00e9bologie esth\u00e9tique<\/strong><\/p>\n<p>On utilise les lasers YAG apr\u00e8s prise en charge des varices et varicosit\u00e9s des jambes, des petits vaisseaux du nez. Ils ont la possibilit\u00e9 de toucher les petites veines non accessibles \u00e0 la scl\u00e9rose \u00e0 l\u2019aiguille. En touchant les globules rouges dans la veine, il provoque une coagulation et une l\u00e9sion de la paroi du vaisseau. Le vaisseau dont la paroi est alors ab\u00eem\u00e9e va mourir dans les 2 \u00e0 3 mois qui suivent. On estime qu\u2019il faut 2 \u00e0 3 s\u00e9ances, espac\u00e9e de 3 mois environ pour traiter des varicosit\u00e9s. Un entretien annuel ou bi-annuel est conseill\u00e9 car les petits vaisseaux r\u00e9cidivent toute la vie.<\/p>\n<p>Les lasers YAG sont aussi utilis\u00e9s dans le traitement des angiomes ou les lacs veineux des l\u00e8vres, sur la bouche, sur les angiomes rubis du corps, sur les angiomes stellaires du d\u00e9collet\u00e9 ou des joues. Le principe de traitement est le m\u00eame que pour les varicosit\u00e9s\u00a0: on recherche \u00e0 coaguler le vaisseau et endommager sa surface interne afin de permettre sa mort progressive.<\/p>\n<p>Les lasers YAG sont aussi utilises pour traiter les petits vaisseaux des bords du nez o\u00f9 ils sont efficaces.<\/p>\n<p><strong>Les lasers YAG en rajeunissement du visage et en traitement des cicatrices<\/strong><\/p>\n<p>Tous les lasers, mais plus particuli\u00e8rement les lasers YAG, ont la facult\u00e9 de stimuler la production de collag\u00e8ne en excitant les cellules fibroblastiques. En utilisant un protocole YAG avec 3 ou 4 s\u00e9ances de laser espac\u00e9es d\u2019un mois, il est possible d\u2019initier une synth\u00e8se de collag\u00e8ne pouvant s\u2019\u00e9tendre sur environ une ann\u00e9e.\u00a0 Par accumulation de collag\u00e8ne dans la zone trait\u00e9e, on provoque un rajeunissement de la peau par remodelage\u00a0: elle devient plus lisse, les rides s\u2019am\u00e9liorent.\u00a0 De la m\u00eame fa\u00e7on, la stimulation de la collag\u00e9nose provoque un assouplissement des cicatrices et une am\u00e9lioration de celles-ci.<\/p>\n<p><strong>Les Lasers YAG dans le traitement de l\u2019acn\u00e9<\/strong><\/p>\n<p>Les Lasers YAG sont capable de cibler les glandes s\u00e9bac\u00e9es. La chaleur qui les accompagne permet aussi d\u2019avoir un effet st\u00e9rilisant sur les bact\u00e9ries responsables de l\u2019acn\u00e9. En utilisant un protocole YAG avec 3 ou 4 s\u00e9ances espac\u00e9e chacune d\u2019un mois, il est possible de r\u00e9guler la production de s\u00e9bum, et de calmer une acn\u00e9 active. Le but recherch\u00e9 est la rar\u00e9faction des pouss\u00e9es d\u2019acn\u00e9, des pouss\u00e9es moins fortes en intensit\u00e9, plus espac\u00e9es dans le temps. Le traitement de l\u2019acn\u00e9 par laser YAG fait partie d\u2019un arsenal th\u00e9rapeutique o\u00f9 il compl\u00e8te les traitements classiques voire les potentialise. Il n\u2019est pas forc\u00e9ment logique de d\u00e9buter une prise en charge d\u2019une acn\u00e9 par laser. Le protocole de traitement laser d\u2019acn\u00e9 provoque simultan\u00e9ment, l\u2019am\u00e9lioration des cicatrices d\u2019acn\u00e9. L\u2019acn\u00e9 est une maladie r\u00e9cidivante\u00a0: son traitement par laser YAG doit \u00eatre renouvel\u00e9 p\u00e9riodiquement tous les 6 mois \u00e0 1 an pour pr\u00e9server son int\u00e9r\u00eat.<\/p>\n<p>&nbsp;<\/p>\n<p>&nbsp;<\/p>\n<p>&nbsp;<\/p>\n","protected":false},"excerpt":{"rendered":"<p>Les lasers YAG Les lasers dermatologiques dits YAG sont des lasers d&#8217;\u00e9pilation et des lasers vasculaires. Ils sont utilis\u00e9s pour \u00e9piler les peaux noires et tr\u00e8s fonc\u00e9es (phototype 5 et 6). Ces lasers produisent une couleur pr\u00e9cise dans l&#8217;infrarouge (1064 nm) cette longueur d&#8217;onde permet de cibler les follicules pileux des peaux fonc\u00e9es, mais aussi <a class=\"more-link\" href=\"https:\/\/www.drcadic.com\/index.php\/les-lasers-yag-en-epilation-peaux-noires-acne-cicatrices-rajeunissement\/\">la suite&#8230; <i class=\"fa fa-chevron-right\"><\/i><\/a><\/p>\n","protected":false},"author":2,"featured_media":0,"parent":0,"menu_order":0,"comment_status":"closed","ping_status":"closed","template":"","meta":{"footnotes":""},"_links":{"self":[{"href":"https:\/\/www.drcadic.com\/index.php\/wp-json\/wp\/v2\/pages\/316"}],"collection":[{"href":"https:\/\/www.drcadic.com\/index.php\/wp-json\/wp\/v2\/pages"}],"about":[{"href":"https:\/\/www.drcadic.com\/index.php\/wp-json\/wp\/v2\/types\/page"}],"author":[{"embeddable":true,"href":"https:\/\/www.drcadic.com\/index.php\/wp-json\/wp\/v2\/users\/2"}],"replies":[{"embeddable":true,"href":"https:\/\/www.drcadic.com\/index.php\/wp-json\/wp\/v2\/comments?post=316"}],"version-history":[{"count":1,"href":"https:\/\/www.drcadic.com\/index.php\/wp-json\/wp\/v2\/pages\/316\/revisions"}],"predecessor-version":[{"id":317,"href":"https:\/\/www.drcadic.com\/index.php\/wp-json\/wp\/v2\/pages\/316\/revisions\/317"}],"wp:attachment":[{"href":"https:\/\/www.drcadic.com\/index.php\/wp-json\/wp\/v2\/media?parent=316"}],"curies":[{"name":"wp","href":"https:\/\/api.w.org\/{rel}","templated":true}]}}