{"id":312,"date":"2022-03-03T16:42:58","date_gmt":"2022-03-03T15:42:58","guid":{"rendered":"https:\/\/www.drcadic.com\/?page_id=312"},"modified":"2022-03-03T16:48:25","modified_gmt":"2022-03-03T15:48:25","slug":"que-devient-la-peau-apres-une-seance-laser","status":"publish","type":"page","link":"https:\/\/www.drcadic.com\/index.php\/que-devient-la-peau-apres-une-seance-laser\/","title":{"rendered":"Que devient la peau apr\u00e8s une s\u00e9ance laser ?"},"content":{"rendered":"<p><strong>Que se passe t il dans les jours qui suivent une \u00e9pilation laser ?<\/strong><\/p>\n<p>L&#8217;\u00e9pilation laser des peaux claire ou mates par laser alexandrite produit des effets assez courants dans les heures \u00e0 jour qui suivent la s\u00e9ance<\/p>\n<p>L&#8217;oed\u00e8me et la rougeur post \u00e9pilation persistent g\u00e9n\u00e9ralement quelques heures \u00e0 1 jour apr\u00e8s la s\u00e9ance<\/p>\n<p>Il peut persister des points noirs visibles dans les follicules. Ce sont tr\u00e8s souvent des poils calcin\u00e9s (charbon) qui n&#8217;ont pas \u00e9t\u00e9 volatilis\u00e9s par le passage du laser. Ces poils sont morts et ces petits morceaux de charbon peuvent mettre 1 a 2 semaines avant de s&#8217;\u00e9jecter. C&#8217;est une \u00e9jection et non une repousse.<\/p>\n<p>Apr\u00e8s l&#8217;\u00e9pilation laser du visage, il n&#8217;y a plus de poils pendant au moins 4 semaines. Apr\u00e8s l&#8217;\u00e9pilation des zones du corps, il n&#8217;y a traditionnellement plus de poils pendant au moins 2 mois.\u00a0 A l&#8217;issue de cette p\u00e9riode, environ 80% des poils repousse, de fa\u00e7on assez brutale et rapide. Ce moment signe la date \u00e0 partir de laquelle il convient de renouveler la s\u00e9ance laser.<\/p>\n<p>Au fur et \u00e0 mesure des s\u00e9ances, quand le traitement fonctionne, le poils devient plus fin, plus clair, plus rare et met de plus en plus de temps \u00e0 pousser. Ces points signent une bonne efficacit\u00e9 globale du traitement d&#8217;\u00e9pilation laser.<\/p>\n<p><strong>Les choses anormales qui n\u00e9cessitent un signalement<\/strong><\/p>\n<p>Apr\u00e8s une s\u00e9ance d&#8217;\u00e9pilation laser, il peut survenir des effets secondaires ou des complications. Il est important de signaler rapidement tout effet au m\u00e9decin afin qu&#8217;il puisse r\u00e9agir et prescrire, le cas \u00e9ch\u00e9ant, un traitement pour faciliter le retour \u00e0 la normale.<\/p>\n<p>De fa\u00e7on assez rare, dans les 24 a 48h suivant le traitement, certaines patientes signalent des d\u00e9mangeaisons (prurit) , parfois un oedeme de la zone trait\u00e9e. Il s&#8217;agit fr\u00e9quemment d&#8217;une folliculite allergique qu&#8217;on peut traiter avec succ\u00e8s. Ne pas la traiter ralentit le retour \u00e0 la normale qui se fait en quelques jours.<\/p>\n<p>Des br\u00fblures peuvent survenir apr\u00e8s un soin laser. Elles sont plusieurs raisons: bronzage pass\u00e9 inaper\u00e7u ou non signal\u00e9 par les patientes, laser r\u00e9gl\u00e9 un peu fort, coloration anormale de la peau (fond de teint , \u2026) .<\/p>\n<p>Les br\u00fblures du 1er degr\u00e9 sont la majorit\u00e9. Elles se pr\u00e9sentent sous le forme de disques marron de 2 cm de diam\u00e8tre . L&#8217;aspect est similaire \u00e0 celui d&#8217;un coup de soleil. Ces br\u00fblures n\u00e9cessitent un traitement simple et un suivi. Il faut informer le m\u00e9decin las\u00e9riste. Les taches marron durent en g\u00e9n\u00e9ral une semaine, laissent la place \u00e0 une d\u00e9pigmentation qui persiste de quelques jours \u00e0 quelques semaines avant de revenir \u00e0 la normale.<\/p>\n<p>Les br\u00fblures du 2nd degr\u00e9 sont plus rares mais plus graves. Il y a une &#8220;cloque&#8221; ou un d\u00e9collement de la peau avec du liquide \u00e0 l&#8217;int\u00e9rieur. C&#8217;est une urgence th\u00e9rapeutique: elles doivent \u00eatre prises en change sans d\u00e9lais par le praticien las\u00e9riste. Bien prises en charge et bien surveill\u00e9es, elles rentrent g\u00e9n\u00e9ralement dans l&#8217;ordre sans s\u00e9quelles<\/p>\n<p>&nbsp;<\/p>\n<p>Certains types de peau, asiatiques notamment, peuvent d\u00e9velopper des taches marron environ 2 semaines apr\u00e8s un soin laser. Il s&#8217;agit d&#8217;hyperpigmentation post inflammatoire.\u00a0 C&#8217;est assez banal et rarement d\u00e9finitif, mais la l\u00e9sion peut mettre plusieurs semaines \u00e0 r\u00e9gresser. Il existe des traitements pour acc\u00e9l\u00e9rer la d\u00e9pigmentation.<\/p>\n<p>&nbsp;<\/p>\n<p>&nbsp;<\/p>\n<p>&nbsp;<\/p>\n<p>&nbsp;<\/p>\n<p>&nbsp;<\/p>\n","protected":false},"excerpt":{"rendered":"<p>Que se passe t il dans les jours qui suivent une \u00e9pilation laser ? L&#8217;\u00e9pilation laser des peaux claire ou mates par laser alexandrite produit des effets assez courants dans les heures \u00e0 jour qui suivent la s\u00e9ance L&#8217;oed\u00e8me et la rougeur post \u00e9pilation persistent g\u00e9n\u00e9ralement quelques heures \u00e0 1 jour apr\u00e8s la s\u00e9ance Il <a class=\"more-link\" href=\"https:\/\/www.drcadic.com\/index.php\/que-devient-la-peau-apres-une-seance-laser\/\">la suite&#8230; <i class=\"fa fa-chevron-right\"><\/i><\/a><\/p>\n","protected":false},"author":2,"featured_media":0,"parent":0,"menu_order":0,"comment_status":"closed","ping_status":"closed","template":"","meta":{"footnotes":""},"_links":{"self":[{"href":"https:\/\/www.drcadic.com\/index.php\/wp-json\/wp\/v2\/pages\/312"}],"collection":[{"href":"https:\/\/www.drcadic.com\/index.php\/wp-json\/wp\/v2\/pages"}],"about":[{"href":"https:\/\/www.drcadic.com\/index.php\/wp-json\/wp\/v2\/types\/page"}],"author":[{"embeddable":true,"href":"https:\/\/www.drcadic.com\/index.php\/wp-json\/wp\/v2\/users\/2"}],"replies":[{"embeddable":true,"href":"https:\/\/www.drcadic.com\/index.php\/wp-json\/wp\/v2\/comments?post=312"}],"version-history":[{"count":2,"href":"https:\/\/www.drcadic.com\/index.php\/wp-json\/wp\/v2\/pages\/312\/revisions"}],"predecessor-version":[{"id":315,"href":"https:\/\/www.drcadic.com\/index.php\/wp-json\/wp\/v2\/pages\/312\/revisions\/315"}],"wp:attachment":[{"href":"https:\/\/www.drcadic.com\/index.php\/wp-json\/wp\/v2\/media?parent=312"}],"curies":[{"name":"wp","href":"https:\/\/api.w.org\/{rel}","templated":true}]}}