{"id":307,"date":"2022-03-03T16:19:02","date_gmt":"2022-03-03T15:19:02","guid":{"rendered":"https:\/\/www.drcadic.com\/?page_id=307"},"modified":"2022-03-10T11:14:26","modified_gmt":"2022-03-10T10:14:26","slug":"comment-se-deroule-un-balayage-laser","status":"publish","type":"page","link":"https:\/\/www.drcadic.com\/index.php\/comment-se-deroule-un-balayage-laser\/","title":{"rendered":"Comment se d\u00e9roule un balayage laser"},"content":{"rendered":"<p><strong><u>Que se passe t il pendant une \u00e9pilation laser ?<\/u><\/strong><\/p>\n<p>Le principe de l&#8217;\u00e9pilation laser et de balayer la surface de la peau par lignes successives pour progressivement couvrir toute la zone. Le balayage peut se faire horizontalement ou verticalement, de proche en proche. L&#8217;impact laser fait g\u00e9n\u00e9ralement 20 mm de diam\u00e8tre, aussi , le balayage en ligne est progressif par d\u00e9placements it\u00e9ratifs de 20 mm pour parvenir \u00e0 couvrir toute la zone.<\/p>\n<ul>\n<li>Une \u00e9pilation laser de la l\u00e8vre sup\u00e9rieure ou du menton dure environ une dizaine de secondes<\/li>\n<li>Une \u00e9pilation laser des aisselles dure environ 1 a 2 minutes<\/li>\n<li>Une \u00e9pilation du maillot par laser dure environ 2 \u00e0 3 minutes<\/li>\n<li>Une \u00e9pilation laser des 1\/2 jambes ou des cuisses dure environ une 10aine \u00e0 une 15aine de minutes<\/li>\n<li>Une \u00e9pilation laser des bras dure environ 10 minutes.<\/li>\n<\/ul>\n<p>Le balayage et coupl\u00e9 \u00e0 une application de froid intense ayant pour but de prot\u00e9ger la peau de l&#8217;\u00e9chauffement et donc de r\u00e9duire le risque de br\u00fblure. Il est important de noter, que malgr\u00e9 ces pr\u00e9cautions avec le froid, les br\u00fblures peuvent survenir. Elles sont le plus souvent des br\u00fblures du premier degr\u00e9 qui gu\u00e9rissent assez rapidement.<\/p>\n<p><strong><u>Les crit\u00e8res de bon \u00e9pilation laser pendant la s\u00e9ance sont:<\/u><\/strong><\/p>\n<p>Pour les lasers alexandrite, la visualisation de l&#8217;explosion du poil lors du passage lumineux. On voit parfois une petite \u00e9tincelle blanche venant conformer l&#8217;efficacit\u00e9<\/p>\n<p>L&#8217;apparition, dans les quelques minutes, d&#8217;un oed\u00e8me et d&#8217;une rougeur autour du follicule qui vient confirmer l&#8217;efficacit\u00e9 du passage laser.<\/p>\n<p>L&#8217;odeur de &#8220;poulet grill\u00e9&#8221; contemporaine de l&#8217;\u00e9pilation laser signe une bonne efficacit\u00e9 du traitement<\/p>\n<p>La sensation douloureuse est aussi un crit\u00e8re d&#8217;efficacit\u00e9 puisqu&#8217;elle t\u00e9moigne d&#8217;une bonne explosion des poils.<\/p>\n<p><img loading=\"lazy\" decoding=\"async\" class=\"aligncenter size-full wp-image-284\" src=\"https:\/\/www.drcadic.com\/wp-content\/uploads\/2022\/03\/peric.jpg\" alt=\"\" width=\"450\" height=\"344\" srcset=\"https:\/\/www.drcadic.com\/wp-content\/uploads\/2022\/03\/peric.jpg 450w, https:\/\/www.drcadic.com\/wp-content\/uploads\/2022\/03\/peric-300x229.jpg 300w\" sizes=\"(max-width: 450px) 100vw, 450px\" \/><\/p>\n<p>&nbsp;<\/p>\n","protected":false},"excerpt":{"rendered":"<p>Que se passe t il pendant une \u00e9pilation laser ? Le principe de l&#8217;\u00e9pilation laser et de balayer la surface de la peau par lignes successives pour progressivement couvrir toute la zone. Le balayage peut se faire horizontalement ou verticalement, de proche en proche. L&#8217;impact laser fait g\u00e9n\u00e9ralement 20 mm de diam\u00e8tre, aussi , le <a class=\"more-link\" href=\"https:\/\/www.drcadic.com\/index.php\/comment-se-deroule-un-balayage-laser\/\">la suite&#8230; <i class=\"fa fa-chevron-right\"><\/i><\/a><\/p>\n","protected":false},"author":2,"featured_media":0,"parent":0,"menu_order":0,"comment_status":"closed","ping_status":"closed","template":"","meta":{"footnotes":""},"_links":{"self":[{"href":"https:\/\/www.drcadic.com\/index.php\/wp-json\/wp\/v2\/pages\/307"}],"collection":[{"href":"https:\/\/www.drcadic.com\/index.php\/wp-json\/wp\/v2\/pages"}],"about":[{"href":"https:\/\/www.drcadic.com\/index.php\/wp-json\/wp\/v2\/types\/page"}],"author":[{"embeddable":true,"href":"https:\/\/www.drcadic.com\/index.php\/wp-json\/wp\/v2\/users\/2"}],"replies":[{"embeddable":true,"href":"https:\/\/www.drcadic.com\/index.php\/wp-json\/wp\/v2\/comments?post=307"}],"version-history":[{"count":3,"href":"https:\/\/www.drcadic.com\/index.php\/wp-json\/wp\/v2\/pages\/307\/revisions"}],"predecessor-version":[{"id":338,"href":"https:\/\/www.drcadic.com\/index.php\/wp-json\/wp\/v2\/pages\/307\/revisions\/338"}],"wp:attachment":[{"href":"https:\/\/www.drcadic.com\/index.php\/wp-json\/wp\/v2\/media?parent=307"}],"curies":[{"name":"wp","href":"https:\/\/api.w.org\/{rel}","templated":true}]}}