{"id":3,"date":"2018-05-21T16:11:28","date_gmt":"2018-05-21T14:11:28","guid":{"rendered":"http:\/\/www.drcadic.com\/?page_id=3"},"modified":"2021-03-03T13:32:00","modified_gmt":"2021-03-03T12:32:00","slug":"politique-de-confidentialite","status":"publish","type":"page","link":"https:\/\/www.drcadic.com\/index.php\/politique-de-confidentialite\/","title":{"rendered":"Mentions l\u00e9gales"},"content":{"rendered":"<p>La mise \u00e0 jour des recommandations du conseil de l&#8217;ordre des m\u00e9decins (chapitre C, alin\u00e9a 3) impose les mentions qui suivent. Elles nous d\u00e9conseillent, de plus, de mettre des photos des traitements avant\/apr\u00e8s sur le site du cabinet m\u00e9dical. Les photos avant apr\u00e8s ne pourront donc \u00eatre montr\u00e9es que lors d&#8217;une visite au cabinet m\u00e9dical et apr\u00e8s une consultation.<\/p>\n<p><strong>Docteur CADIC Philippe, Inscription au conseil de l&#8217;ordre des m\u00e9decins du Loiret n\u00b045\/3467<\/strong><br \/>\n<strong>M\u00e9decin G\u00e9n\u00e9raliste (Facult\u00e9 de Tours), Orientation lasers m\u00e9dicaux, phl\u00e9bologie et \u00e9chographies<\/strong><\/p>\n<ul>\n<li><strong>Doctorat en M\u00e9decine G\u00e9n\u00e9rale<\/strong><\/li>\n<li><strong>Dipl\u00f4me Universitaire Europ\u00e9en d&#8217;Echographie G\u00e9n\u00e9rale &#8211; Universit\u00e9 de Tours \u00a0(Modules Echographie Vasculaire Doppler, Echographie Abdominale, Echographie Cervicale, Echographie Urinaire)<\/strong><\/li>\n<\/ul>\n<h2>Le centre m\u00e9dical est impliqu\u00e9 dans la formation d&#8217;\u00e9tudiants<\/h2>\n<ul>\n<li style=\"list-style-type: none;\">\n<ul>\n<li>Ma\u00eetre de Stage DIU Lasers m\u00e9dicaux<\/li>\n<li>Ma\u00eetre de Stage M\u00e9decine G\u00e9n\u00e9rale (Facult\u00e9 de Tours)<\/li>\n<li>Ma\u00eetre de Stage DU Phl\u00e9bologie<\/li>\n<li>Ma\u00eetre de Stage DIU Echographie g\u00e9n\u00e9rale<\/li>\n<li>Enseignant au DU de phl\u00e9bologie (Facult\u00e9 de Paris)<\/li>\n<li>Enseignant DU Techniques Endoveineuses (Facult\u00e9 de Paris)<\/li>\n<\/ul>\n<\/li>\n<\/ul>\n<h2>Langues parl\u00e9es<\/h2>\n<ul>\n<li>Francais<\/li>\n<li>Anglais (English)<\/li>\n<li>Espagnol (Espa\u00f1ol)<\/li>\n<li>Permanence des soins: En cas d&#8217;urgence, composez le 15<\/li>\n<\/ul>\n<p>Fichiers informatiques: utilisation d&#8217;un logiciel de gestion patient d\u00e9clar\u00e9 \u00e0 la CNIL, vous disposez d&#8217;un droit d&#8217;acc\u00e8s et de rectification des donn\u00e9es. Le dossier m\u00e9dical est conserv\u00e9 30 ans.<\/p>\n<h2>Confidentialit\u00e9<\/h2>\n<p>Les informations personnelles concernant les visiteurs de notre site, y compris leur identit\u00e9, sont confidentielles. Le responsable du site s&#8217;engage sur l&#8217;honneur \u00e0 respecter les conditions l\u00e9gales de confidentialit\u00e9 applicables en France et \u00e0 ne pas divulguer ces informations \u00e0 des tiers. Aucune donn\u00e9e des patients ou visiteurs n&#8217;est stock\u00e9e sur le site web.<\/p>\n<h2>Publicit\u00e9<\/h2>\n<p>Ce site n\u2019affiche, ni ne re\u00e7oit de fonds publicitaires.<\/p>\n<h2>Conflits d&#8217;int\u00e9r\u00eats<\/h2>\n<p>Le Dr CADIC est amen\u00e9 \u00e0 r\u00e9diger des rapports techniques , pr\u00e9sentations lors de congr\u00e8s m\u00e9dicaux pour le compte de fabricant de mat\u00e9riel laser. Ces travaux font l&#8217;objet d&#8217;une r\u00e9mun\u00e9ration, mais ne constituent pas un conflit d&#8217;int\u00e9r\u00eat avec le contenu r\u00e9dactionnel de ce site.<\/p>\n<h2>Mentions compl\u00e9mentaires<\/h2>\n<p>Exercice en SELARL &#8220;CABINET MEDICAL DR CADIC PHILIPPE&#8221;, Capital 7500 EUR, SIRET: 49272915700015, enregistr\u00e9e au Registre de Commerce de Orl\u00e9ans. N\u00b0 TVA: FR21\u00a0492\u00a0729 157<\/p>\n<p>Les devis sont syst\u00e9matiquement produits pour tous les actes. La premi\u00e8re consultation est gratuite afin de permettre l&#8217;\u00e9tablissement d&#8217;un devis et afin de donner toute l&#8217;information sur les techniques m\u00e9dicales.<\/p>\n<p>Situation vis \u00e0 vis de la convention: Non conventionn\u00e9, Secteur 3. Aucun acte esth\u00e9tique n&#8217;est rembours\u00e9 par la s\u00e9curit\u00e9 sociale. Les actes m\u00e9dicaux faisant l&#8217;objet d&#8217;une feuille de soins sont rembours\u00e9s au tarif d&#8217;autorit\u00e9. \u00a0Les mutuelles ou assurances frais r\u00e9els , contrats non responsables, peuvent rembourser tout ou partie des honoraires.<\/p>\n<p>R\u00e8glement des honoraires: pr\u00e9f\u00e9rentiellement par ch\u00e8que ou carte bancaire ou \u00e0 d\u00e9faut num\u00e9raire<\/p>\n<p>L&#8217;information mise \u00e0 disposition sur le site vise \u00e0 soutenir et non \u00e0 remplacer la relation entre un patient et son m\u00e9decin.<\/p>\n<p>L&#8217;information et le contenu du site sont \u00e0 destination du grand public et des patients. Ce site ne collecte pas d&#8217;emails et ne pratique pas d&#8217;envoi de courrier.<\/p>\n<p>Site \u00e9dit\u00e9 par: Dr CADIC Philippe, 43 av de Paris, 45000 Orl\u00e9ans, Tel: 0238642828.<\/p>\n<p>Directeur de la publication: Philippe Cadic<br \/>\n(Email: pcadic(at)gmail.com &#8211; La prise de rendez vous doit se faire par t\u00e9l\u00e9phone ou <a href=\"http:\/\/rdv.cadic.com\/rdv\">en ligne<\/a> uniquement, sur recommandation de l&#8217;ordre des m\u00e9decins.)<\/p>\n<p>H\u00e9bergement: OVH.fr . Si\u00e8ge social: 140 Quai du Sartel &#8211; 59100 Roubaix. T\u00e9l\u00e9phone: +33 3 20 45 36 80.<\/p>\n<p>Derni\u00e8re mise \u00e0 jour: 21\/05\/2018.<br \/>\nContenu du site r\u00e9dig\u00e9 par son auteur.<br \/>\nSite financ\u00e9 par son auteur.<\/p>\n<p>Aucune publicit\u00e9 n&#8217;est admise sur le site.<\/p>\n<h2>Lien vers le site de l&#8217;ordre des m\u00e9decins<\/h2>\n<p><a href=\"https:\/\/www.conseil-national.medecin.fr\/\">www.conseil-national.medecin.fr<\/a><\/p>\n<p>Et <a href=\"https:\/\/www.conseil-national.medecin.fr\/annuaire\" target=\"_blank\" rel=\"noopener\">annuaire du CNOM<\/a><\/p>\n<p><strong><u>RGPD<\/u><\/strong><\/p>\n<p>Les m\u00e9decins et sages-femmes du cabinet, sont amen\u00e9s \u00e0 recueillir et \u00e0 conserver dans un dossier, [ votre dossier patient ], des informations sur votre \u00e9tat de sant\u00e9.<\/p>\n<p><strong>Pourquoi votre m\u00e9decin tient-il un dossier sur vous ? <\/strong><\/p>\n<p>La tenue du dossier \u00ab patient \u00bb est obligatoire. Ce dossier a pour finalit\u00e9 d\u2019assurer votre suivi m\u00e9dical et de vous garantir la prise en charge la plus adapt\u00e9e \u00e0 votre \u00e9tat de sant\u00e9. Il garantit la continuit\u00e9 de la prise en charge sanitaire et r\u00e9pond \u00e0 l\u2019exigence de d\u00e9livrer des soins appropri\u00e9s.<\/p>\n<p><strong>Quelle est sa dur\u00e9e de conservation ? <\/strong><\/p>\n<p>Il est conserv\u00e9 en principe pendant 20 ans \u00e0 compter de la date de votre derni\u00e8re consultation, par r\u00e9f\u00e9rence aux dispositions de l\u2019article R. 1112-7 du code de la sant\u00e9 publique applicables aux \u00e9tablissements de sant\u00e9. Votre dossier est h\u00e9berg\u00e9 sur les serveurs du cabinet m\u00e9dical.<\/p>\n<p><strong>Quels sont les destinataires des informations figurant dans votre dossier ? <\/strong><\/p>\n<p>Seuls les m\u00e9decins et sages-femmes ont acc\u00e8s aux informations figurant dans votre dossier votre m\u00e9decin et, dans une certaine mesure, au regard de la nature des missions qu\u2019il exerce, son personnel. Votre m\u00e9decin, avec votre consentement, pourra \u00e9galement transmettre \u00e0 d\u2019autres professionnels de sant\u00e9 des informations concernant votre \u00e9tat de sant\u00e9. Enfin, afin de permettre la facturation des actes qu\u2019il r\u00e9alise, votre m\u00e9decin est amen\u00e9 \u00e0 t\u00e9l\u00e9transmettre des feuilles de soins \u00e0 votre caisse de s\u00e9curit\u00e9 sociale.<\/p>\n<p><strong>Quels sont vos droits et comment les exercer ? <\/strong><\/p>\n<p>Vous pouvez acc\u00e9der aux informations figurant dans votre dossier. Vous disposez, par ailleurs, sous certaines conditions, d\u2019un droit de rectification, d\u2019effacement de ces informations, ou du droit de vous opposer ou de limiter leur utilisation. Pour toute question relative \u00e0 la protection de vos donn\u00e9es ou pour exercer vos droits, vous pouvez vous adresser directement \u00e0 votre m\u00e9decin. En cas de difficult\u00e9s, vous pouvez \u00e9galement saisir la Commission nationale de l\u2019informatique et des libert\u00e9s (CNIL) d\u2019une r\u00e9clamation. \u00bb Cette notice d\u2019information doit naturellement \u00eatre adapt\u00e9e \u00e0 votre situation particuli\u00e8re. Elle ne vise que la gestion des dossiers des patients. Si d\u2019autres traitements sont mis en place (ex : recherche, utilisation d\u2019une plateforme s\u00e9curis\u00e9e de gestion des rendez-vous), vous devrez r\u00e9aliser une information sp\u00e9cifique concernant ces traitements portant notamment sur la finalit\u00e9 de ces traitements, le fondement l\u00e9gal, la dur\u00e9e de conservation des donn\u00e9es.<\/p>\n","protected":false},"excerpt":{"rendered":"<p>La mise \u00e0 jour des recommandations du conseil de l&#8217;ordre des m\u00e9decins (chapitre C, alin\u00e9a 3) impose les mentions qui suivent. Elles nous d\u00e9conseillent, de plus, de mettre des photos des traitements avant\/apr\u00e8s sur le site du cabinet m\u00e9dical. Les photos avant apr\u00e8s ne pourront donc \u00eatre montr\u00e9es que lors d&#8217;une visite au cabinet m\u00e9dical <a class=\"more-link\" href=\"https:\/\/www.drcadic.com\/index.php\/politique-de-confidentialite\/\">la suite&#8230; <i class=\"fa fa-chevron-right\"><\/i><\/a><\/p>\n","protected":false},"author":2,"featured_media":0,"parent":0,"menu_order":0,"comment_status":"closed","ping_status":"open","template":"","meta":{"footnotes":""},"_links":{"self":[{"href":"https:\/\/www.drcadic.com\/index.php\/wp-json\/wp\/v2\/pages\/3"}],"collection":[{"href":"https:\/\/www.drcadic.com\/index.php\/wp-json\/wp\/v2\/pages"}],"about":[{"href":"https:\/\/www.drcadic.com\/index.php\/wp-json\/wp\/v2\/types\/page"}],"author":[{"embeddable":true,"href":"https:\/\/www.drcadic.com\/index.php\/wp-json\/wp\/v2\/users\/2"}],"replies":[{"embeddable":true,"href":"https:\/\/www.drcadic.com\/index.php\/wp-json\/wp\/v2\/comments?post=3"}],"version-history":[{"count":5,"href":"https:\/\/www.drcadic.com\/index.php\/wp-json\/wp\/v2\/pages\/3\/revisions"}],"predecessor-version":[{"id":209,"href":"https:\/\/www.drcadic.com\/index.php\/wp-json\/wp\/v2\/pages\/3\/revisions\/209"}],"wp:attachment":[{"href":"https:\/\/www.drcadic.com\/index.php\/wp-json\/wp\/v2\/media?parent=3"}],"curies":[{"name":"wp","href":"https:\/\/api.w.org\/{rel}","templated":true}]}}