{"id":299,"date":"2022-03-02T17:07:41","date_gmt":"2022-03-02T16:07:41","guid":{"rendered":"https:\/\/www.drcadic.com\/?page_id=299"},"modified":"2022-03-10T11:09:45","modified_gmt":"2022-03-10T10:09:45","slug":"lepilation-laser-de-la-zone-du-maillot-chez-la-femme","status":"publish","type":"page","link":"https:\/\/www.drcadic.com\/index.php\/lepilation-laser-de-la-zone-du-maillot-chez-la-femme\/","title":{"rendered":"L&#8217;\u00e9pilation laser de la zone du maillot chez la femme"},"content":{"rendered":"<p><strong>L&#8217;\u00e9pilation laser de la zone du maillot chez la femme<\/strong><\/p>\n<p>La zone du maillot fait partie des 3 zones qui r\u00e9agissent habituellement bien en \u00e9pilation laser progressivement d\u00e9finitive. La raison en est qu&#8217;il s&#8217;agit de poils de gros calibre et g\u00e9n\u00e9ralement fonc\u00e9s.<\/p>\n<p>L&#8217;\u00e9pilation laser du maillot, sur phototypes 3 ou 4 (peaux caucasiennes, blanches, hispaniques, italiennes, maghreb, turques, latinos, asiatiques, indoues claires) fait appel \u00e0 des lasers peaux blanches: laser alexandrite le plus souvent, parfois laser diodes ou yag bien que ceux-ci soient g\u00e9n\u00e9ralement utilis\u00e9s pour les peaux plus fonc\u00e9es.<\/p>\n<p>Le <strong>nombre de s\u00e9ances n\u00e9cessaires tourne habituellement entre 4 \u00e0 8<\/strong>, avec quelques exceptions parfois difficiles \u00e0 pr\u00e9voir. Il existe plusieurs formes de maillot qu&#8217;il convient de choisir et de d\u00e9finir avec le praticien en gardant \u00e0 l&#8217;esprit qu&#8217;il va s&#8217;agir d&#8217;un choix d\u00e9finitif. \u00a0<strong>Les s\u00e9ances sont espac\u00e9es initialement d&#8217;environ 2 mois<\/strong> puis l&#8217;intervalle d&#8217;allonge progressivement au fur et a mesure des s\u00e9ances.<\/p>\n<p><strong>Les crit\u00e8res de suivi de la bonne \u00e9volution d&#8217;une \u00e9pilation laser maillot sont: <\/strong><\/p>\n<ul>\n<li>une absence de repousse pendant 2 mois<\/li>\n<li>un poil qui repousse de plus en plus fin, de plus en plus clair, de plus en plus rare au fur et a mesure des s\u00e9ances<\/li>\n<li>une am\u00e9lioration ou disparition des poils incarn\u00e9s au bout de 2 ou 3 s\u00e9ances<\/li>\n<li>une am\u00e9lioration de la peau qui devient plus douce, une am\u00e9lioration des cicatrices hyper pigment\u00e9es par rar\u00e9faction des poils sous peau, parfois un assouplissement de la cicatrice de c\u00e9sarienne.<\/li>\n<\/ul>\n<p><strong>L&#8217;efficacit\u00e9 du laser n&#8217;est pas la m\u00eame partout sur le maillot<\/strong><\/p>\n<p>Toutes les zones du maillot n&#8217;ont pas la m\u00eame r\u00e9ceptivit\u00e9 au laser. Certaines r\u00e9gions vont \u00eatre trait\u00e9es rapidement avec des r\u00e9sultats visibles d\u00e8s la premi\u00e8re s\u00e9ance. D&#8217;autres partie sont plus lentes \u00e0 r\u00e9agir au laser d&#8217;\u00e9pilation. Pour sch\u00e9matiser, les bords du haut du maillot et toute la zone sup\u00e9rieure \u00e9voluent rapidement sous l&#8217;effet du laser. La partie inf\u00e9rieure du maillot met plus de temps. L&#8217;efficacit\u00e9 du laser est presque compl\u00e8te sur le haut du maillot. Elle est incompl\u00e8te sur la portion inf\u00e9rieure, les grandes l\u00e8vres et l&#8217;espace interfessier. Sur ces zones, il persistera des poils, plus fins, plus clairs.<\/p>\n<p><strong>Les diff\u00e9rentes formes d&#8217;\u00e9pilation du maillot<\/strong><\/p>\n<p><img loading=\"lazy\" decoding=\"async\" class=\"aligncenter size-full wp-image-277\" src=\"https:\/\/www.drcadic.com\/wp-content\/uploads\/2022\/03\/maillot_ticket_metro.jpg\" alt=\"\" width=\"150\" height=\"136\" \/> <img loading=\"lazy\" decoding=\"async\" class=\"aligncenter size-full wp-image-275\" src=\"https:\/\/www.drcadic.com\/wp-content\/uploads\/2022\/03\/maillot_echancre_epilation.jpg\" alt=\"\" width=\"150\" height=\"136\" \/> <img loading=\"lazy\" decoding=\"async\" class=\"aligncenter size-full wp-image-276\" src=\"https:\/\/www.drcadic.com\/wp-content\/uploads\/2022\/03\/maillot_echancre_losange.jpg\" alt=\"\" width=\"150\" height=\"136\" \/> <img loading=\"lazy\" decoding=\"async\" class=\"aligncenter size-full wp-image-273\" src=\"https:\/\/www.drcadic.com\/wp-content\/uploads\/2022\/03\/maillot_echancre_diamant.jpg\" alt=\"\" width=\"150\" height=\"136\" \/> <img loading=\"lazy\" decoding=\"async\" class=\"aligncenter size-full wp-image-274\" src=\"https:\/\/www.drcadic.com\/wp-content\/uploads\/2022\/03\/maillot_echancre_droit.jpg\" alt=\"\" width=\"150\" height=\"136\" \/> <img loading=\"lazy\" decoding=\"async\" class=\"aligncenter size-full wp-image-272\" src=\"https:\/\/www.drcadic.com\/wp-content\/uploads\/2022\/03\/maillot_echancre_arrondi.jpg\" alt=\"\" width=\"150\" height=\"136\" \/> <img loading=\"lazy\" decoding=\"async\" class=\"aligncenter size-full wp-image-270\" src=\"https:\/\/www.drcadic.com\/wp-content\/uploads\/2022\/03\/maillot_americain_epilation.jpg\" alt=\"\" width=\"150\" height=\"136\" \/> <img loading=\"lazy\" decoding=\"async\" class=\"aligncenter size-full wp-image-271\" src=\"https:\/\/www.drcadic.com\/wp-content\/uploads\/2022\/03\/maillot_classique_epilation.jpg\" alt=\"\" width=\"150\" height=\"136\" \/> <img loading=\"lazy\" decoding=\"async\" class=\"aligncenter size-full wp-image-263\" src=\"https:\/\/www.drcadic.com\/wp-content\/uploads\/2022\/03\/epilation_maillot_integral.jpg\" alt=\"\" width=\"150\" height=\"136\" \/><\/p>\n<p><strong>La douleur en \u00e9pilation laser du maillot ?<\/strong><\/p>\n<p>Le traitement par laser \u00e9pilatoire du maillot est tr\u00e8s souvent douloureux, surtout dans les premi\u00e8res s\u00e9ances quand le poil est encore \u00e9pais. \u00a0Le cabinet propose syst\u00e9matiquement, sauf contre indication m\u00e9dicale, une anesth\u00e9sie locale avec une cr\u00e8me ELMA. Il convient d&#8217;apposer cette cr\u00e8me, en couche \u00e9paisse, entre 1H30 et 2h avant le soin \u00e0 raison d&#8217;un tube \u00e0 gauche, un tube \u00e0 droite et un tube au dessus du maillot. Une fois la cr\u00e8me pos\u00e9e, il convient de la couvrir avec du cellophane alimentaire pour faire pansement compressif.\u00a0 la cr\u00e8me est retir\u00e9e au denier moment, au cabinet, juste avant le traitement par balayage laser. \u00a0\u00a0La cr\u00e8me anesth\u00e9siante ne peut s&#8217;obtenir que sur ordonnance, apr\u00e8s avis m\u00e9dical. Dans les indications esth\u00e9tiques, elle n&#8217;est pas remboursable et il n&#8217;est pas possible, sauf \u00e0 vouloir frauder, de modifier l&#8217;ordonnance pour la rendre remboursable.<\/p>\n<p><img loading=\"lazy\" decoding=\"async\" class=\"aligncenter size-full wp-image-292\" src=\"https:\/\/www.drcadic.com\/wp-content\/uploads\/2022\/03\/sensibles.jpg\" alt=\"\" width=\"320\" height=\"206\" srcset=\"https:\/\/www.drcadic.com\/wp-content\/uploads\/2022\/03\/sensibles.jpg 320w, https:\/\/www.drcadic.com\/wp-content\/uploads\/2022\/03\/sensibles-300x193.jpg 300w\" sizes=\"(max-width: 320px) 100vw, 320px\" \/><\/p>\n<p><strong>L&#8217;\u00e9pilation du maillot et le respect de la pudeur des patientes<\/strong><\/p>\n<p>Quelque soit la forme du maillot \u00e0 \u00e9piler au laser, il est parfaitement possible de rester en sous v\u00eatements slip pendant la s\u00e9ance.\u00a0 Le port d&#8217;un slip un peu \u00e9chancr\u00e9 permet un balayage de toute la zone en \u00e9cartant l\u00e9g\u00e8rement le bord du sous v\u00eatement. Il est conseill\u00e9 de porter un sous v\u00eatement en coton afin de mieux supporter l&#8217;inflammation qui suit le traitement laser dans les 1 \u00e0 3 heures. Enfin il est conseill\u00e9 de porter un sous v\u00eatement blanc. En cas de boug\u00e9 pendant la s\u00e9ance, un impact laser sur du coton blanc ne provoque pas de r\u00e9action. Un impact laser sur tissu fonc\u00e9 peut provoquer une tache ind\u00e9l\u00e9bile sur le tissu. Pr\u00e9voyez un sous v\u00eatement auquel vous ne tenez pas.<\/p>\n<p><strong>Les difficult\u00e9s de l&#8217;\u00e9pilation du maillot pour praticien ou les op\u00e9ratrices<\/strong><\/p>\n<p>Le maillot est une zone fragile. La peau n&#8217;y a pas partout la m\u00eame \u00e9paisseur. Enfin, la couleur de certaines zones du maillot varie chez une m\u00eame patiente. Les peaux m\u00e9diterran\u00e9ennes pr\u00e9sentent souvent des grandes l\u00e8vres tr\u00e8s fonc\u00e9es. Ces zones sont plus \u00e0 risque de br\u00fblures. Elles conduisent souvent \u00e0 adapter la puissance des lasers \u00e0 la baisse pour ne pas br\u00fbler: le laser y est donc moins efficace. Ainsi les poils des grandes l\u00e8vres sont rarement \u00e9limin\u00e9s a 100%. Ces zones hyper pigment\u00e9es sont souvent le si\u00e8ge de br\u00fblures \u00e0 la sortie des vacances d&#8217;\u00e9t\u00e9, \u00e0 cause de bronzages pass\u00e9s inaper\u00e7us. Ces br\u00fblures sont rarement graves car souvent du 1er degr\u00e9, mais peuvent g\u00eaner quelques jours. Ne pas h\u00e9siter \u00e0 contacter le m\u00e9decin dans ce cas car il y a des traitements pour les soulager et faciliter la gu\u00e9rison.<\/p>\n<p><img loading=\"lazy\" decoding=\"async\" class=\"aligncenter size-full wp-image-295\" src=\"https:\/\/www.drcadic.com\/wp-content\/uploads\/2022\/03\/zone_hyperpigmentation_naturelle.jpg\" alt=\"\" width=\"320\" height=\"206\" srcset=\"https:\/\/www.drcadic.com\/wp-content\/uploads\/2022\/03\/zone_hyperpigmentation_naturelle.jpg 320w, https:\/\/www.drcadic.com\/wp-content\/uploads\/2022\/03\/zone_hyperpigmentation_naturelle-300x193.jpg 300w\" sizes=\"(max-width: 320px) 100vw, 320px\" \/><\/p>\n<p><strong>L&#8217;\u00e9pilation du maillot et la grossesse ?<\/strong><\/p>\n<p>Le laser appliqu\u00e9 dans la zone du maillot ne pr\u00e9sence aucun risque pour les ovaires ou l&#8217;ut\u00e9rus, la p\u00e9n\u00e9tration de la lumi\u00e8re active ne d\u00e9passant pas quelques millim\u00e8tres de profondeur. La grossesse n&#8217;est pas une contre-indication pour effectuer du laser s&#8217;il n&#8217;y a pas d&#8217;anesth\u00e9sie locale. Cependant, l&#8217;orage hormonal de cette p\u00e9riode rend les s\u00e9ances moins efficaces. Il est donc conseill\u00e9 de faire une pause. Vous ne perdez pas le b\u00e9n\u00e9fice des s\u00e9ances d\u00e9j\u00e0 r\u00e9alis\u00e9es. Les poils non \u00e9limin\u00e9 avant la pause pousseront longs et fins. Il sera possible de les raser ou \u00e9piler pendant la p\u00e9riode de la grossesse.<\/p>\n<p><strong>L&#8217;\u00e9pilation du maillot dans le cadre de la maladie de Verneuil<\/strong><\/p>\n<p>La maladie de Verneuil se caract\u00e9rise par des infections kystiques it\u00e9ratives dans les plis du maillot. Celles-ci peuvent conduire \u00e0 des cicatrices ou n\u00e9cessiter des op\u00e9rations chirurgicales r\u00e9guli\u00e8res. Bien que le laser ne soit pas un traitement de la maladie de Verneuil, son utilisation permet bien souvent de r\u00e9duire les crises et leur gravit\u00e9. Il agit en pr\u00e9ventif pour am\u00e9liorer le confort des patient(e)s. Il faut, en g\u00e9n\u00e9ral, compter 3 ou 4 s\u00e9ances espac\u00e9es de 2 mois pour obtenir un poil fin, moins irritant et donc limitant les pouss\u00e9es de la maladie. Les soins, dans ce cadre m\u00e9dical, sont pris partiellement en charge par la s\u00e9curit\u00e9 sociale et les mutuelles. Ils sont exon\u00e9r\u00e9s de TVA.<\/p>\n<p>&nbsp;<\/p>\n<p>&nbsp;<\/p>\n<p>&nbsp;<\/p>\n","protected":false},"excerpt":{"rendered":"<p>L&#8217;\u00e9pilation laser de la zone du maillot chez la femme La zone du maillot fait partie des 3 zones qui r\u00e9agissent habituellement bien en \u00e9pilation laser progressivement d\u00e9finitive. La raison en est qu&#8217;il s&#8217;agit de poils de gros calibre et g\u00e9n\u00e9ralement fonc\u00e9s. L&#8217;\u00e9pilation laser du maillot, sur phototypes 3 ou 4 (peaux caucasiennes, blanches, hispaniques, <a class=\"more-link\" href=\"https:\/\/www.drcadic.com\/index.php\/lepilation-laser-de-la-zone-du-maillot-chez-la-femme\/\">la suite&#8230; <i class=\"fa fa-chevron-right\"><\/i><\/a><\/p>\n","protected":false},"author":2,"featured_media":0,"parent":0,"menu_order":0,"comment_status":"closed","ping_status":"closed","template":"","meta":{"footnotes":""},"_links":{"self":[{"href":"https:\/\/www.drcadic.com\/index.php\/wp-json\/wp\/v2\/pages\/299"}],"collection":[{"href":"https:\/\/www.drcadic.com\/index.php\/wp-json\/wp\/v2\/pages"}],"about":[{"href":"https:\/\/www.drcadic.com\/index.php\/wp-json\/wp\/v2\/types\/page"}],"author":[{"embeddable":true,"href":"https:\/\/www.drcadic.com\/index.php\/wp-json\/wp\/v2\/users\/2"}],"replies":[{"embeddable":true,"href":"https:\/\/www.drcadic.com\/index.php\/wp-json\/wp\/v2\/comments?post=299"}],"version-history":[{"count":4,"href":"https:\/\/www.drcadic.com\/index.php\/wp-json\/wp\/v2\/pages\/299\/revisions"}],"predecessor-version":[{"id":336,"href":"https:\/\/www.drcadic.com\/index.php\/wp-json\/wp\/v2\/pages\/299\/revisions\/336"}],"wp:attachment":[{"href":"https:\/\/www.drcadic.com\/index.php\/wp-json\/wp\/v2\/media?parent=299"}],"curies":[{"name":"wp","href":"https:\/\/api.w.org\/{rel}","templated":true}]}}