{"id":296,"date":"2022-03-02T15:52:51","date_gmt":"2022-03-02T14:52:51","guid":{"rendered":"https:\/\/www.drcadic.com\/?page_id=296"},"modified":"2022-03-10T11:03:19","modified_gmt":"2022-03-10T10:03:19","slug":"lepilation-laser-de-la-zone-du-visage-chez-la-femme","status":"publish","type":"page","link":"https:\/\/www.drcadic.com\/index.php\/lepilation-laser-de-la-zone-du-visage-chez-la-femme\/","title":{"rendered":"L&#8217;\u00e9pilation laser de la zone du visage chez la femme"},"content":{"rendered":"<p>Chez la femme, les poils de la zone du visage sont consid\u00e9r\u00e9s comme une zone assez complexe et difficile \u00e0 traiter. Ils sont assez clairs et assez fins. Il est donc normal que les s\u00e9ances laser pour l&#8217;\u00e9pilation du visage soient nombreuses et que le r\u00e9sultat soit parfois incomplet, ce , quelque soit les efforts ou l&#8217;expertise du m\u00e9decin.<\/p>\n<p>L&#8217;\u00e9pilation laser du visage peut n\u00e9cessiter parfois plus de 10 s\u00e9ances. Elles sont habituellement espac\u00e9es de 1 mois au d\u00e9but du protocole. L&#8217;espacement des s\u00e9ances s&#8217;\u00e9largit normalement progressivement au fur et \u00e0 mesure des soins.<\/p>\n<p>Il est conseill\u00e9 de couper le poil le plus court possible avant la s\u00e9ance (avec des ciseaux). C&#8217;est possible sur la zone buccale et les favoris. Il est conseill\u00e9 de ne pas raser ou couper les zones des joues et de l&#8217;angle de la mandibule s&#8217;il existe un duvet et de laisser le m\u00e9decin juger au moment de la s\u00e9ance. Dans certains cas, les patients ont d\u00e9j\u00e0 ras\u00e9 ou stimul\u00e9 du duvet avec de la cire ou la pince. Dans ce cas, le duvet est d\u00e9j\u00e0 transform\u00e9 en poil. Il est possible alors de couper\/raser sans risque d&#8217;aggravation.\u00a0 Il est conseill\u00e9 de ne pas raser ou couper les zones du cou avant la s\u00e9ance. De m\u00eame, il est conseill\u00e9 de ne pas raser les joues et la zone du cadre orbitaires pour \u00e9viter d&#8217;activer de transformer le duvet en poil car ces zones sont tr\u00e8s difficiles \u00e0 \u00e9piler (multiples s\u00e9ances, mauvais r\u00e9sultats)<\/p>\n<p>Le sch\u00e9ma indique les zones qui sont plus ou moins faciles dans le protocole laser<\/p>\n<p><img loading=\"lazy\" decoding=\"async\" class=\"aligncenter wp-image-294\" src=\"https:\/\/www.drcadic.com\/wp-content\/uploads\/2022\/03\/visageresistances.jpg\" alt=\"\" width=\"354\" height=\"300\" srcset=\"https:\/\/www.drcadic.com\/wp-content\/uploads\/2022\/03\/visageresistances.jpg 425w, https:\/\/www.drcadic.com\/wp-content\/uploads\/2022\/03\/visageresistances-300x254.jpg 300w\" sizes=\"(max-width: 354px) 100vw, 354px\" \/><\/p>\n<p><img loading=\"lazy\" decoding=\"async\" class=\"aligncenter size-full wp-image-283\" src=\"https:\/\/www.drcadic.com\/wp-content\/uploads\/2022\/03\/pattes.jpg\" alt=\"\" width=\"460\" height=\"537\" srcset=\"https:\/\/www.drcadic.com\/wp-content\/uploads\/2022\/03\/pattes.jpg 460w, https:\/\/www.drcadic.com\/wp-content\/uploads\/2022\/03\/pattes-257x300.jpg 257w\" sizes=\"(max-width: 460px) 100vw, 460px\" \/><\/p>\n<p>Les poils des bords de l\u00e8vres sont des zones qui r\u00e9sistent et mettent plus de temps \u00e0 disparaitre<\/p>\n<p>Les poils de l&#8217;angle de la mandibule sont aussi difficile \u00e0 traiter. Le m\u00e9decin peut \u00eatre amen\u00e9 parfois \u00e0 en refuser le traitement quand il y a du duvet<\/p>\n<p>Les poils du cou sont tr\u00e8s difficiles \u00e0 traiter, voire m\u00eame impossible<\/p>\n<p>Les joues sont des zones difficiles \u00e0 traiter avec bien souvent des r\u00e9sultats incomplets.<\/p>\n<p>Les zones qui r\u00e9agissent le mieux sur le visage sont: l&#8217;espace entre les sourcils, la zone centrale de la l\u00e8vre sup\u00e9rieure, la zone centrale du menton, et les favoris.<\/p>\n<p><img loading=\"lazy\" decoding=\"async\" class=\"aligncenter size-full wp-image-282\" src=\"https:\/\/www.drcadic.com\/wp-content\/uploads\/2022\/03\/menton2.jpg\" alt=\"\" width=\"413\" height=\"319\" srcset=\"https:\/\/www.drcadic.com\/wp-content\/uploads\/2022\/03\/menton2.jpg 413w, https:\/\/www.drcadic.com\/wp-content\/uploads\/2022\/03\/menton2-300x232.jpg 300w\" sizes=\"(max-width: 413px) 100vw, 413px\" \/><\/p>\n<p><img loading=\"lazy\" decoding=\"async\" class=\"aligncenter size-full wp-image-281\" src=\"https:\/\/www.drcadic.com\/wp-content\/uploads\/2022\/03\/menton1.jpg\" alt=\"\" width=\"413\" height=\"286\" srcset=\"https:\/\/www.drcadic.com\/wp-content\/uploads\/2022\/03\/menton1.jpg 413w, https:\/\/www.drcadic.com\/wp-content\/uploads\/2022\/03\/menton1-300x208.jpg 300w\" sizes=\"(max-width: 413px) 100vw, 413px\" \/><\/p>\n<p><img loading=\"lazy\" decoding=\"async\" class=\"aligncenter size-full wp-image-267\" src=\"https:\/\/www.drcadic.com\/wp-content\/uploads\/2022\/03\/levsup.jpg\" alt=\"\" width=\"450\" height=\"314\" srcset=\"https:\/\/www.drcadic.com\/wp-content\/uploads\/2022\/03\/levsup.jpg 450w, https:\/\/www.drcadic.com\/wp-content\/uploads\/2022\/03\/levsup-300x209.jpg 300w\" sizes=\"(max-width: 450px) 100vw, 450px\" \/><\/p>\n<p>&nbsp;<\/p>\n<p><span style=\"text-decoration: underline;\"><strong>La stimulation paradoxale<\/strong><\/span> est souvent \u00e9voqu\u00e9e sur internet ou par les jeunes praticiens. Il s&#8217;agit d&#8217;une apparition de poils dans une zone qui n&#8217;a pas \u00e9t\u00e9 trait\u00e9e. Il ne faut par la confondre avec une r\u00e9sistance de poils peu r\u00e9ceptifs. Le diagnostic de stimulation paradoxale est loin d&#8217;\u00eatre ais\u00e9 et pr\u00e9sente 3 diagnostics diff\u00e9rentiels principaux:<\/p>\n<p><strong>1\u00b0 Insuffisance de nombre de s\u00e9ances<\/strong> sur les zones de r\u00e9sistance qui peut \u00eatre pris \u00e0 tord pour une stimulation \u00e0 cause du contraste entre des zones faciles ayant \u00e9t\u00e9 rapidement d\u00e9barrass\u00e9es des poils et des zones difficiles donnant des r\u00e9sultats lents. Dans ce cas, il suffit de continuer \u00e0 pratiquer des s\u00e9ances sur les zones qui r\u00e9agissent lentement.<\/p>\n<p><strong>2\u00b0 Perturbation de la sensation de pilosit\u00e9<\/strong> chez des patientes g\u00ean\u00e9s par une zone tr\u00e8s visible, n&#8217;ayant psychologiquement pas remarqu\u00e9 qu&#8217;une autre zone pr\u00e9sentaient des poils plus discrets mais bien pr\u00e9sents. Le fait de traiter les poils de la zone objet du complexe d\u00e9masque alors la zone qui, jusqu&#8217;alors n&#8217;avait jamais \u00e9t\u00e9 remarqu\u00e9e comme g\u00eanante. Il ne s&#8217;agit pas d&#8217;une stimulation paradoxale mais d&#8217;une simple alt\u00e9ration de la perception. Dans ce cas, il suffit de traiter la zone qui a \u00e9t\u00e9 d\u00e9marqu\u00e9e comme disgracieuse, quand c&#8217;est possible.<\/p>\n<p><strong>3\u00b0 Pr\u00e9sence d&#8217;une stimulation li\u00e9e \u00e0 la patiente<\/strong> avec des troubles hormonaux, un surpoids avec hypercortisolisme, un syndrome des ovaires poly-kystiques \u2026 \u00a0qui emp\u00eachent un traitement efficace sur les zones habituellement r\u00e9sistantes.<\/p>\n<p>Il est assez assez difficile d&#8217;indiquer qu&#8217;un protocole de traitement laser du visage est un \u00e9chec avant 10 \u00e0 15 s\u00e9ances. Il est aussi assez difficile d&#8217;expliquer et de faire comprendre aux patientes notamment lors de la s\u00e9ance d&#8217;\u00e9valuation que l&#8217;\u00e9pilation laser du visage peut \u00eatre imparfaite voire un echec car l&#8217;attente et la souffrance peut conduire \u00e0 rejeter la possibilit\u00e9 de r\u00e9sultat partiel.<\/p>\n","protected":false},"excerpt":{"rendered":"<p>Chez la femme, les poils de la zone du visage sont consid\u00e9r\u00e9s comme une zone assez complexe et difficile \u00e0 traiter. Ils sont assez clairs et assez fins. Il est donc normal que les s\u00e9ances laser pour l&#8217;\u00e9pilation du visage soient nombreuses et que le r\u00e9sultat soit parfois incomplet, ce , quelque soit les efforts <a class=\"more-link\" href=\"https:\/\/www.drcadic.com\/index.php\/lepilation-laser-de-la-zone-du-visage-chez-la-femme\/\">la suite&#8230; <i class=\"fa fa-chevron-right\"><\/i><\/a><\/p>\n","protected":false},"author":2,"featured_media":0,"parent":0,"menu_order":0,"comment_status":"closed","ping_status":"closed","template":"","meta":{"footnotes":""},"_links":{"self":[{"href":"https:\/\/www.drcadic.com\/index.php\/wp-json\/wp\/v2\/pages\/296"}],"collection":[{"href":"https:\/\/www.drcadic.com\/index.php\/wp-json\/wp\/v2\/pages"}],"about":[{"href":"https:\/\/www.drcadic.com\/index.php\/wp-json\/wp\/v2\/types\/page"}],"author":[{"embeddable":true,"href":"https:\/\/www.drcadic.com\/index.php\/wp-json\/wp\/v2\/users\/2"}],"replies":[{"embeddable":true,"href":"https:\/\/www.drcadic.com\/index.php\/wp-json\/wp\/v2\/comments?post=296"}],"version-history":[{"count":4,"href":"https:\/\/www.drcadic.com\/index.php\/wp-json\/wp\/v2\/pages\/296\/revisions"}],"predecessor-version":[{"id":334,"href":"https:\/\/www.drcadic.com\/index.php\/wp-json\/wp\/v2\/pages\/296\/revisions\/334"}],"wp:attachment":[{"href":"https:\/\/www.drcadic.com\/index.php\/wp-json\/wp\/v2\/media?parent=296"}],"curies":[{"name":"wp","href":"https:\/\/api.w.org\/{rel}","templated":true}]}}