{"id":25,"date":"2018-05-21T16:50:06","date_gmt":"2018-05-21T14:50:06","guid":{"rendered":"http:\/\/www.drcadic.com\/?page_id=25"},"modified":"2025-04-23T01:50:29","modified_gmt":"2025-04-22T23:50:29","slug":"le-centre-medical","status":"publish","type":"page","link":"https:\/\/www.drcadic.com\/index.php\/le-centre-medical\/","title":{"rendered":"Le centre m\u00e9dical"},"content":{"rendered":"<p>Le centre m\u00e9dical du Dr Philippe Cadic est situ\u00e9 au 43 avenue de Paris \u00e0 Orl\u00e9ans, au premier \u00e9tage, au-dessus de MIDAS, en face de la gare SNCF. Ce centre repr\u00e9sente la troisi\u00e8me \u00e9volution d\u2019un projet m\u00e9dical d\u00e9but\u00e9 pr\u00e8s des Halles Ch\u00e2telet, poursuivi dans le quartier des Chats Ferr\u00e9s, avant de s&#8217;\u00e9tendre \u00e0 son implantation actuelle, plus vaste et mieux \u00e9quip\u00e9e.<\/p>\n<p>Le Dr Cadic est m\u00e9decin g\u00e9n\u00e9raliste, titulaire du Dipl\u00f4me des Lasers M\u00e9dicaux (Paris, 2005), du Dipl\u00f4me Europ\u00e9en d&#8217;\u00c9chographie G\u00e9n\u00e9rale, du DU de Phl\u00e9bologie, du DU de Techniques Endoveineuses, et du DU de Sant\u00e9 Connect\u00e9e. Il poss\u00e8de \u00e9galement une double comp\u00e9tence scientifique en ing\u00e9nierie informatique et \u00e9lectronique. Il est ma\u00eetre de stage en lasers m\u00e9dicaux depuis plus de 15 ans et enseignant au DU de Phl\u00e9bologie depuis plus de 10 ans. Il a form\u00e9 de nombreux confr\u00e8res, en France et \u00e0 l\u2019international (dont plusieurs confr\u00e8res ou cons\u0153urs las\u00e9ristes exer\u00e7ant dans le Loiret), et intervient r\u00e9guli\u00e8rement en tant que conf\u00e9rencier dans le domaine des lasers m\u00e9dicaux. Il est \u00e9galement auteur de plusieurs ouvrages m\u00e9dicaux sp\u00e9cialis\u00e9s dans l\u2019esth\u00e9tique ou les lasers, en fran\u00e7ais ou aux \u00c9tats-Unis.<\/p>\n<p>Depuis pr\u00e8s de 20 ans, le Dr Cadic a r\u00e9alis\u00e9 environ 150 000 actes de soins laser, sans aucune d\u00e9l\u00e9gation \u00e0 des non-m\u00e9decins, garantissant une prise en charge m\u00e9dicale rigoureuse du d\u00e9but \u00e0 la fin. Il est \u00e9galement fondateur de deux centres \u00e0 l\u2019international, en Europe et au Moyen-Orient. Le centre d\u2019Orl\u00e9ans fait partie d\u2019un r\u00e9seau de quatre centres situ\u00e9s en Bretagne, en r\u00e9gion Centre, en r\u00e9gion Parisienne et dans le Sud de la France, partageant des protocoles standardis\u00e9s pour permettre une continuit\u00e9 des soins si vous changez de r\u00e9gion.<\/p>\n<p>Le centre comprend 8 salles de soins et dispose de 12 lasers ou longueurs d\u2019onde couvrant la quasi-totalit\u00e9 des indications m\u00e9dicales et esth\u00e9tiques :<\/p>\n<ul>\n<li>4 longueurs d\u2019onde vasculaires : 550 nm, 530 nm, IPL, KTP et Nd:YAG, permettant le traitement des pathologies vasculaires simples et complexes.<\/li>\n<li>3 lasers d\u2019\u00e9pilation (2 Alexandrites, 1 Nd:YAG) adapt\u00e9s \u00e0 tous les phototypes.<\/li>\n<li>1 laser CO\u2082 pour les actes de chirurgie dermatologique (verrues, condylomes) et les traitements fractionn\u00e9s du vieillissement cutan\u00e9 (paupi\u00e8res, rides p\u00e9ri-buccales) et des cicatrices.<\/li>\n<li>1 laser YAG fractionn\u00e9 pour les rides l\u00e9g\u00e8res et les cicatrices sans \u00e9viction sociale.<\/li>\n<li>3 longueurs d\u2019onde d\u00e9di\u00e9es au d\u00e9tatouage, incluant un laser picoseconde de technologie avanc\u00e9e.<\/li>\n<\/ul>\n<p>Le centre propose \u00e9galement des actes de petite chirurgie (bistouri \u00e9lectrique pour acrochordons, verrues\u2026), des injections de produits de comblement, du microneedling et de la radiofr\u00e9quence. Le centre ne pratique pas les injections de Botox\u00ae car c\u2019est une pratique interdite aux m\u00e9decins g\u00e9n\u00e9ralistes (seuls les dermatologues, ophtalmologues, chirurgiens esth\u00e9tiques, ORL et chirurgiens maxillo-faciaux sont autoris\u00e9s \u00e0 pratiquer ces soins). M\u00eame si de nombreux m\u00e9decins non autoris\u00e9s ont d\u00e9cid\u00e9 de violer la loi dans la r\u00e9gion, profitant d\u2019une certaine impunit\u00e9, le centre a d\u00e9cid\u00e9 de ne pas cautionner cette pratique ill\u00e9gale et de respecter strictement la r\u00e9glementation.<\/p>\n<p><strong>Le centre m\u00e9dical est avant tout un lieu de soins scientifiques et techniques. Aucun acte n\u2019est d\u00e9l\u00e9gu\u00e9 \u00e0 du personnel non m\u00e9dical. Vous ne trouverez pas ici de communication de type marketing, cocooning ou de promesses commerciales : la r\u00e9glementation encadre strictement la pratique m\u00e9dicale, qui ne peut \u00eatre assimil\u00e9e \u00e0 une activit\u00e9 commerciale. Les soins au laser exigent rigueur, hygi\u00e8ne, expertise, et doivent \u00eatre encadr\u00e9s par un professionnel exp\u00e9riment\u00e9 en raison des b\u00e9n\u00e9fices importants mais aussi des risques potentiels.<\/strong><\/p>\n<p>Enfin, le Dr Cadic participe activement \u00e0 la formation m\u00e9dicale continue et accueille r\u00e9guli\u00e8rement des confr\u00e8res dans le cadre universitaire. Votre consentement est toujours demand\u00e9 si un m\u00e9decin en formation doit \u00eatre pr\u00e9sent lors d&#8217;une consultation ou d&#8217;un soin.<\/p>\n<p>Le centre est facilement accessible :<\/p>\n<ul>\n<li>En voiture (parking de la place d\u2019Arc),<\/li>\n<li>Par le tram (arr\u00eats Louis Braille ou Antigna),<\/li>\n<li>\u00c0 pied depuis la gare SNCF (5 minutes).<\/li>\n<\/ul>\n<p>Le centre est \u00e9galement accessible aux personnes \u00e0 mobilit\u00e9 r\u00e9duite. Nous parlons fran\u00e7ais, anglais, espagnol, un peu de turc. Le centre dispose de son propre logiciel m\u00e9tier. Les donn\u00e9es m\u00e9dicales restent dans le centre et ne sont pas h\u00e9berg\u00e9es \u00e0 l\u2019ext\u00e9rieur. Le centre m\u00e9dical s\u2019\u00e9quipe progressivement en outils d\u2019intelligence artificielle pour am\u00e9liorer la qualit\u00e9 des soins.<\/p>\n<p>Le centre accepte les r\u00e8glements par carte bancaire, ch\u00e8que, esp\u00e8ces, PayPal, cryptomonnaies (BTC\/USDC).<\/p>\n","protected":false},"excerpt":{"rendered":"<p>Le centre m\u00e9dical du Dr Philippe Cadic est situ\u00e9 au 43 avenue de Paris \u00e0 Orl\u00e9ans, au premier \u00e9tage, au-dessus de MIDAS, en face de la gare SNCF. Ce centre repr\u00e9sente la troisi\u00e8me \u00e9volution d\u2019un projet m\u00e9dical d\u00e9but\u00e9 pr\u00e8s des Halles Ch\u00e2telet, poursuivi dans le quartier des Chats Ferr\u00e9s, avant de s&#8217;\u00e9tendre \u00e0 son implantation <a class=\"more-link\" href=\"https:\/\/www.drcadic.com\/index.php\/le-centre-medical\/\">la suite&#8230; <i class=\"fa fa-chevron-right\"><\/i><\/a><\/p>\n","protected":false},"author":2,"featured_media":0,"parent":0,"menu_order":0,"comment_status":"closed","ping_status":"closed","template":"page-fullwidth.php","meta":{"footnotes":""},"_links":{"self":[{"href":"https:\/\/www.drcadic.com\/index.php\/wp-json\/wp\/v2\/pages\/25"}],"collection":[{"href":"https:\/\/www.drcadic.com\/index.php\/wp-json\/wp\/v2\/pages"}],"about":[{"href":"https:\/\/www.drcadic.com\/index.php\/wp-json\/wp\/v2\/types\/page"}],"author":[{"embeddable":true,"href":"https:\/\/www.drcadic.com\/index.php\/wp-json\/wp\/v2\/users\/2"}],"replies":[{"embeddable":true,"href":"https:\/\/www.drcadic.com\/index.php\/wp-json\/wp\/v2\/comments?post=25"}],"version-history":[{"count":8,"href":"https:\/\/www.drcadic.com\/index.php\/wp-json\/wp\/v2\/pages\/25\/revisions"}],"predecessor-version":[{"id":515,"href":"https:\/\/www.drcadic.com\/index.php\/wp-json\/wp\/v2\/pages\/25\/revisions\/515"}],"wp:attachment":[{"href":"https:\/\/www.drcadic.com\/index.php\/wp-json\/wp\/v2\/media?parent=25"}],"curies":[{"name":"wp","href":"https:\/\/api.w.org\/{rel}","templated":true}]}}