{"id":246,"date":"2022-03-02T14:29:24","date_gmt":"2022-03-02T13:29:24","guid":{"rendered":"https:\/\/www.drcadic.com\/?page_id=246"},"modified":"2022-03-02T14:29:24","modified_gmt":"2022-03-02T13:29:24","slug":"pourquoi-le-cabinet-ne-fait-pas-de-publicite-en-ligne","status":"publish","type":"page","link":"https:\/\/www.drcadic.com\/index.php\/pourquoi-le-cabinet-ne-fait-pas-de-publicite-en-ligne\/","title":{"rendered":"Pourquoi le cabinet ne fait pas de publicit\u00e9 en ligne ?"},"content":{"rendered":"<p>La publicit\u00e9 pour les soins m\u00e9dicaux d&#8217;\u00e9pilation est interdite<\/p>\n<p>Le code de d\u00e9ontologie m\u00e9dicale interdit la pratique de la m\u00e9decine comme un commerce. La r\u00e9glementation est stricte en mati\u00e8re de publicit\u00e9, y compris les actes de m\u00e9decine esth\u00e9tique comme l&#8217;\u00e9pilation laser d\u00e9finitive. Article R.\u00a0 4127-19 du CSP<\/p>\n<p>Les m\u00e9decins las\u00e9ristes qui respectent la r\u00e9glementation n&#8217;ont pas le droit de lancer des campagnes publicitaires par affichage, d\u00e9pliants , publicit\u00e9 dans la presse, cartes de visites ou flyers d\u00e9pos\u00e9s chez les commer\u00e7ants.<\/p>\n<p>Les m\u00e9decins las\u00e9ristes qui respectent la r\u00e9glementation n&#8217;ont pas le droit de faire de campagnes publicitaires sur internet , que ce soit par achat de mots cl\u00e9s sur les moteurs de recherche, par affiliations, par bandeaux, par utilisation d&#8217;influenceurs sur les r\u00e9seaux sociaux.<\/p>\n<p>Les m\u00e9decins las\u00e9ristes qui respectent la r\u00e9glementation n&#8217;ont pas le droit de faire appel \u00e0 des agences sp\u00e9cialis\u00e9es dans le positionnement dans les moteurs de recherche (SEO)<\/p>\n<p>Les m\u00e9decins las\u00e9ristes qui respectent la r\u00e9glementation n&#8217;ont pas le droit de poster de faux avis ou de faire appel \u00e0 des agences de e-reputation manipulant les avis sur internet.<\/p>\n<p>Le cabinet m\u00e9dical a choisi de respecter la r\u00e9glementation et le code de d\u00e9ontologie m\u00e9dicale.<\/p>\n<p>&nbsp;<\/p>\n","protected":false},"excerpt":{"rendered":"<p>La publicit\u00e9 pour les soins m\u00e9dicaux d&#8217;\u00e9pilation est interdite Le code de d\u00e9ontologie m\u00e9dicale interdit la pratique de la m\u00e9decine comme un commerce. La r\u00e9glementation est stricte en mati\u00e8re de publicit\u00e9, y compris les actes de m\u00e9decine esth\u00e9tique comme l&#8217;\u00e9pilation laser d\u00e9finitive. Article R.\u00a0 4127-19 du CSP Les m\u00e9decins las\u00e9ristes qui respectent la r\u00e9glementation n&#8217;ont <a class=\"more-link\" href=\"https:\/\/www.drcadic.com\/index.php\/pourquoi-le-cabinet-ne-fait-pas-de-publicite-en-ligne\/\">la suite&#8230; <i class=\"fa fa-chevron-right\"><\/i><\/a><\/p>\n","protected":false},"author":2,"featured_media":0,"parent":0,"menu_order":0,"comment_status":"closed","ping_status":"closed","template":"","meta":{"footnotes":""},"_links":{"self":[{"href":"https:\/\/www.drcadic.com\/index.php\/wp-json\/wp\/v2\/pages\/246"}],"collection":[{"href":"https:\/\/www.drcadic.com\/index.php\/wp-json\/wp\/v2\/pages"}],"about":[{"href":"https:\/\/www.drcadic.com\/index.php\/wp-json\/wp\/v2\/types\/page"}],"author":[{"embeddable":true,"href":"https:\/\/www.drcadic.com\/index.php\/wp-json\/wp\/v2\/users\/2"}],"replies":[{"embeddable":true,"href":"https:\/\/www.drcadic.com\/index.php\/wp-json\/wp\/v2\/comments?post=246"}],"version-history":[{"count":1,"href":"https:\/\/www.drcadic.com\/index.php\/wp-json\/wp\/v2\/pages\/246\/revisions"}],"predecessor-version":[{"id":247,"href":"https:\/\/www.drcadic.com\/index.php\/wp-json\/wp\/v2\/pages\/246\/revisions\/247"}],"wp:attachment":[{"href":"https:\/\/www.drcadic.com\/index.php\/wp-json\/wp\/v2\/media?parent=246"}],"curies":[{"name":"wp","href":"https:\/\/api.w.org\/{rel}","templated":true}]}}