{"id":243,"date":"2022-03-02T14:13:08","date_gmt":"2022-03-02T13:13:08","guid":{"rendered":"https:\/\/www.drcadic.com\/?page_id=243"},"modified":"2022-03-02T14:13:08","modified_gmt":"2022-03-02T13:13:08","slug":"les-complications-des-epilations-laser-et-comment-les-gerer","status":"publish","type":"page","link":"https:\/\/www.drcadic.com\/index.php\/les-complications-des-epilations-laser-et-comment-les-gerer\/","title":{"rendered":"Les complications des \u00e9pilations laser et comment les g\u00e9rer"},"content":{"rendered":"<p>Les lasers m\u00e9dicaux utilis\u00e9s pour les \u00e9pilations d\u00e9finitives sont des lumi\u00e8res puissantes. Ils sont utilis\u00e9s coupl\u00e9s \u00e0 du froid pour prot\u00e9ger la peau au maximum des br\u00fblures. Le m\u00e9decin cherche \u00e0 param\u00e9trer la puissance du faisceau pour br\u00fbler la racine du poil sans trop l\u00e9ser la peau qui va \u00eatre travers\u00e9e par l&#8217;\u00e9nergie. Quelques soit le niveau de protection ou le savoir faire du m\u00e9decin, des br\u00fblures surviennent dans chaque centre m\u00e9dical.<\/p>\n<p>L&#8217;immense majorit\u00e9 des br\u00fblures sont des br\u00fblures du 1er degr\u00e9 (du m\u00eame type que les coups de soleil) et se pr\u00e9sentent sous forme de taches marron de la taille des impacts laser (environ 2 cm de diam\u00e8tre). Elles surviennent en quelques heures et \u00e9voluent spontan\u00e9ment en moins d&#8217;une semaine. La peau peut rester plus claire quelques semaines de plus, le temps de reprendre sa couleur d&#8217;origine.\u00a0 Il est important de pr\u00e9venir le m\u00e9decin (t\u00e9l\u00e9consultation avec \u00e9change de photos), m\u00eame pour ces br\u00fblures simples. Un diagnostic est n\u00e9cessaire et un traitement acc\u00e9l\u00e8re le retour \u00e0 la normale.<\/p>\n<p>Plus rarement, des br\u00fblures du 2nd degr\u00e9 peuvent survenir et se pr\u00e9sentent sous le forme d&#8217;une &#8220;cloque&#8221; avec du liquide. Elles surviennent rapidement et sont douloureuses.\u00a0 Il est INDISPENSABLE de pr\u00e9venir le m\u00e9decin pour obtenir des conseils et un traitement rapide (t\u00e9l\u00e9consultation avec \u00e9change de photos).\u00a0 Elles \u00e9voluent g\u00e9n\u00e9ralement bien mais doivent \u00eatre prises en charge dans les premi\u00e8res heures.<\/p>\n<p>Rarissime gr\u00e2ce au port de lunettes de protection, un impact laser dans l&#8217;\u0153il peut br\u00fbler l&#8217;iris et la r\u00e9tine: c&#8217;est une urgence ophtalmologique grave.<\/p>\n<p>Certaines complications des lasers peuvent laisser des s\u00e9quelles d\u00e9finitives , y compris lorsque la prise en charge a \u00e9t\u00e9 rapide et correcte. Le non respect des pr\u00e9cautions ou des traitements conseill\u00e9s pour g\u00e9rer ou pr\u00e9venir les complications peuvent favoriser la survenue de s\u00e9quelles d\u00e9finitives.<\/p>\n<p>&nbsp;<\/p>\n<p>&nbsp;<\/p>\n","protected":false},"excerpt":{"rendered":"<p>Les lasers m\u00e9dicaux utilis\u00e9s pour les \u00e9pilations d\u00e9finitives sont des lumi\u00e8res puissantes. Ils sont utilis\u00e9s coupl\u00e9s \u00e0 du froid pour prot\u00e9ger la peau au maximum des br\u00fblures. Le m\u00e9decin cherche \u00e0 param\u00e9trer la puissance du faisceau pour br\u00fbler la racine du poil sans trop l\u00e9ser la peau qui va \u00eatre travers\u00e9e par l&#8217;\u00e9nergie. Quelques soit <a class=\"more-link\" href=\"https:\/\/www.drcadic.com\/index.php\/les-complications-des-epilations-laser-et-comment-les-gerer\/\">la suite&#8230; <i class=\"fa fa-chevron-right\"><\/i><\/a><\/p>\n","protected":false},"author":2,"featured_media":0,"parent":0,"menu_order":0,"comment_status":"closed","ping_status":"closed","template":"","meta":{"footnotes":""},"_links":{"self":[{"href":"https:\/\/www.drcadic.com\/index.php\/wp-json\/wp\/v2\/pages\/243"}],"collection":[{"href":"https:\/\/www.drcadic.com\/index.php\/wp-json\/wp\/v2\/pages"}],"about":[{"href":"https:\/\/www.drcadic.com\/index.php\/wp-json\/wp\/v2\/types\/page"}],"author":[{"embeddable":true,"href":"https:\/\/www.drcadic.com\/index.php\/wp-json\/wp\/v2\/users\/2"}],"replies":[{"embeddable":true,"href":"https:\/\/www.drcadic.com\/index.php\/wp-json\/wp\/v2\/comments?post=243"}],"version-history":[{"count":1,"href":"https:\/\/www.drcadic.com\/index.php\/wp-json\/wp\/v2\/pages\/243\/revisions"}],"predecessor-version":[{"id":244,"href":"https:\/\/www.drcadic.com\/index.php\/wp-json\/wp\/v2\/pages\/243\/revisions\/244"}],"wp:attachment":[{"href":"https:\/\/www.drcadic.com\/index.php\/wp-json\/wp\/v2\/media?parent=243"}],"curies":[{"name":"wp","href":"https:\/\/api.w.org\/{rel}","templated":true}]}}