{"id":237,"date":"2022-03-02T14:06:20","date_gmt":"2022-03-02T13:06:20","guid":{"rendered":"https:\/\/www.drcadic.com\/?page_id=237"},"modified":"2023-01-21T14:19:43","modified_gmt":"2023-01-21T13:19:43","slug":"la-consultation-devaluation-en-epilation-laser","status":"publish","type":"page","link":"https:\/\/www.drcadic.com\/index.php\/la-consultation-devaluation-en-epilation-laser\/","title":{"rendered":"La consultation d&#8217;\u00e9valuation en \u00e9pilation laser"},"content":{"rendered":"<p><strong>D\u00e9roulement d&#8217;une consultation d&#8217;\u00e9valuation pour \u00e9pilation d\u00e9finitive<\/strong><\/p>\n<p>La consultation m\u00e9dicale d&#8217;\u00e9valuation est essentielle pour envisager des s\u00e9ances. Le m\u00e9decin va rechercher s&#8217;il est possible de les r\u00e9aliser et vous renseigner.<\/p>\n<p>Elimination de contre-indications m\u00e9dicales pouvant pr\u00e9senter un risque ou une inefficacit\u00e9.<\/p>\n<p>Recherche de probl\u00e8mes hormonaux dont la cause est peut \u00eatre traitable, rendant alors l&#8217;\u00e9pilation plus simple ou efficace. Un probl\u00e8me m\u00e9dical r\u00e9el permet \u00a0un remboursement partiel par mutuelle ou s\u00e9cu.<\/p>\n<p>Examen clinique de la peau pour \u00e9valuer sa compatibilit\u00e9 avec les lasers, pour choisir l&#8217;\u00e9quipement adapt\u00e9. Egalement pour rep\u00e9rer des difficult\u00e9s et les anticiper: l\u00e9sions pigment\u00e9es, tatouages ,\u00a0 inclusions, herpes, infection chroniques ou aigues \u2026<\/p>\n<p>Le plus souvent, cette consultation permet \u00a0de r\u00e9aliser un test de quelques impacts pour d\u00e9terminer les bons param\u00e8tres laser et \u00e9valuer la r\u00e9action cutan\u00e9e.<\/p>\n<p>La consultation permet d&#8217;expliquer \u00e0 la patiente les modalit\u00e9s de r\u00e9alisation des s\u00e9ances, de r\u00e9pondre aux interrogations, enfin d&#8217;\u00e9tablir un devis et remettre un formulaire d&#8217;information.<\/p>\n<p>Il est de bonne pratique, voir parfois obligatoire, de respecter un d\u00e9lai de r\u00e9flexion afin que la patiente puisse calmement choisir de s&#8217;engager ou non.<\/p>\n<p>Les consultations d&#8217;\u00e9pilation laser doivent pour tout ou partie \u00eatre r\u00e9alis\u00e9es par des m\u00e9decins. C&#8217;est la loi.<\/p>\n<p>&nbsp;<\/p>\n<p><strong>Que penser de la t\u00e9l\u00e9consultation en \u00e9pilation laser\u00a0?<\/strong><\/p>\n<p>De nouveaux concepts de centres sans m\u00e9decins sur place dans leurs locaux, \u00a0proposent une t\u00e9l\u00e9consultation de m\u00e9decin las\u00e9riste distant afin de contourner la r\u00e9gementation. La loi et les assurances imposent la pr\u00e9sence d\u2019un m\u00e9decin sur place, capable d\u2019intervenir en cas d\u2019accident ou complications de sant\u00e9.<\/p>\n<p>La consultation d\u2019un m\u00e9decin las\u00e9riste consiste \u00e0 \u00e9liminer des contres-indications dermatologiques, \u00e0 analyser un poil et sa couleur, \u00e0 analyser le couleur de la peau et surtout r\u00e9aliser un test sur une petite zone. Ces \u00e9tapes n\u00e9cessitent la plupart du temps un examen physique sur place.<\/p>\n<p>En t\u00e9l\u00e9m\u00e9decine, \u00e0 travers une cam\u00e9ra, il est <span style=\"text-decoration: underline;\"><strong>IMPOSSIBLE<\/strong><\/span>\u00a0:<\/p>\n<ol>\n<li><strong>D\u2019\u00e9valuer avec pr\u00e9cision la couleur de la peau<\/strong> (ou phototype) car les conditions d\u2019\u00e9clairage d\u2019un smart phone ou d\u2019une webcam sont mauvaises, variables et non standardis\u00e9es<\/li>\n<li><strong>D\u2019\u00e9valuer la nature et la couleur d\u2019un poil<\/strong> pour les m\u00eames raisons\u00a0: aucune web cam ou aucun appareil photo n\u2019est capable actuellement de produire une standardisation de couleur de luminosit\u00e9 suffisante pour que le m\u00e9decin puisse poser un diagnostic fiable et s\u00fbr aboutissant \u00e0 un choix de param\u00e8tres efficaces et s\u00e9curitaires. Aussi une approximation \u00e0 distance peut \u00eatre, au final contre productive, voire dangereuse dans le sens o\u00f9 elle donne au patient une fausse sensation de s\u00e9curit\u00e9.<\/li>\n<li><strong>De pratiquer un examen fin de la peau<\/strong>, de sa transparence <strong>et SURTOUT d\u2019effectuer un test laser<\/strong> sur une petite zone. Ce test est essentiel afin v\u00e9rifier que le diagnostic a \u00e9t\u00e9 correct et que la fixation des param\u00e8tres de la machine en d\u00e9coulant produit une r\u00e9action efficace sans danger pour la peau. Enfin le test permet d&#8217;\u00e9valuer la tol\u00e9rance \u00e0 la douleur et donc, le cas \u00e9ch\u00e9ant, de proposer une prescription utile de cr\u00e8me anesth\u00e9siante.<\/li>\n<\/ol>\n<p>En cons\u00e9quence, dans de nombreux cas pratiques, la t\u00e9l\u00e9consultation n\u2019est pas adapt\u00e9e voir susceptible de faire courir un risque de perte de chance ou de traitement non adapt\u00e9. En tout \u00e9tat de cause, m\u00eame apr\u00e8s une t\u00e9l\u00e9consultation, un m\u00e9decin sur pace doit v\u00e9rifier et prescrire les param\u00e8tres de traitement.<\/p>\n<p>&nbsp;<\/p>\n","protected":false},"excerpt":{"rendered":"<p>D\u00e9roulement d&#8217;une consultation d&#8217;\u00e9valuation pour \u00e9pilation d\u00e9finitive La consultation m\u00e9dicale d&#8217;\u00e9valuation est essentielle pour envisager des s\u00e9ances. Le m\u00e9decin va rechercher s&#8217;il est possible de les r\u00e9aliser et vous renseigner. Elimination de contre-indications m\u00e9dicales pouvant pr\u00e9senter un risque ou une inefficacit\u00e9. Recherche de probl\u00e8mes hormonaux dont la cause est peut \u00eatre traitable, rendant alors l&#8217;\u00e9pilation <a class=\"more-link\" href=\"https:\/\/www.drcadic.com\/index.php\/la-consultation-devaluation-en-epilation-laser\/\">la suite&#8230; <i class=\"fa fa-chevron-right\"><\/i><\/a><\/p>\n","protected":false},"author":2,"featured_media":0,"parent":0,"menu_order":0,"comment_status":"closed","ping_status":"closed","template":"","meta":{"footnotes":""},"_links":{"self":[{"href":"https:\/\/www.drcadic.com\/index.php\/wp-json\/wp\/v2\/pages\/237"}],"collection":[{"href":"https:\/\/www.drcadic.com\/index.php\/wp-json\/wp\/v2\/pages"}],"about":[{"href":"https:\/\/www.drcadic.com\/index.php\/wp-json\/wp\/v2\/types\/page"}],"author":[{"embeddable":true,"href":"https:\/\/www.drcadic.com\/index.php\/wp-json\/wp\/v2\/users\/2"}],"replies":[{"embeddable":true,"href":"https:\/\/www.drcadic.com\/index.php\/wp-json\/wp\/v2\/comments?post=237"}],"version-history":[{"count":3,"href":"https:\/\/www.drcadic.com\/index.php\/wp-json\/wp\/v2\/pages\/237\/revisions"}],"predecessor-version":[{"id":444,"href":"https:\/\/www.drcadic.com\/index.php\/wp-json\/wp\/v2\/pages\/237\/revisions\/444"}],"wp:attachment":[{"href":"https:\/\/www.drcadic.com\/index.php\/wp-json\/wp\/v2\/media?parent=237"}],"curies":[{"name":"wp","href":"https:\/\/api.w.org\/{rel}","templated":true}]}}