{"id":233,"date":"2022-03-02T14:03:34","date_gmt":"2022-03-02T13:03:34","guid":{"rendered":"https:\/\/www.drcadic.com\/?page_id=233"},"modified":"2022-03-02T14:05:23","modified_gmt":"2022-03-02T13:05:23","slug":"lepilation-laser-et-le-remboursement-secu-la-tva","status":"publish","type":"page","link":"https:\/\/www.drcadic.com\/index.php\/lepilation-laser-et-le-remboursement-secu-la-tva\/","title":{"rendered":"L&#8217;\u00e9pilation laser et le remboursement s\u00e9cu, la TVA"},"content":{"rendered":"<p>L&#8217;\u00e9pilation laser, dans la quasi-totalit\u00e9 des cas, est un acte esth\u00e9tique. Elle ne peut pas \u00eatre rembours\u00e9e par la s\u00e9curit\u00e9 sociale. Aucune feuille de soins et aucun arr\u00eat de travail ne peut r\u00e9sulter d&#8217;une \u00e9pilation m\u00e9dicale d\u00e9finitive \u00e0 vis\u00e9e esth\u00e9tique. Les soins lasers \u00e0 vis\u00e9e esth\u00e9tique sont assujettis \u00e0 la TVA (20%).<\/p>\n<p>Les tr\u00e8s rares cas o\u00f9 l&#8217;\u00e9pilation laser est remboursable sont les maladies hormonales de type hirsutisme, maladie de Verneuil, certaines stimulations li\u00e9es \u00e0 des effets secondaires de traitement, les abc\u00e8s sur poils incarn\u00e9s ayant n\u00e9cessit\u00e9 des interventions chirurgicales, les greffes de peau apr\u00e8s br\u00fblures ou apr\u00e8s reconstruction mammaire post cancer du sein, le changement de sexe. Dans ces cas, le soin est exon\u00e9r\u00e9 de TVA (20%) , le cabinet peut produire une feuille de soins (CCAM QZNP029 ou QZNP030) et une facture pour remboursement par la s\u00e9curit\u00e9 sociale et la mutuelle. Le Dr CADIC exerce hors convention, les remboursements par la caisse d&#8217;assurance maladie se font sur la base du tarif d&#8217;autorit\u00e9. La mutuelle peut compl\u00e9ter tout ou partie de la diff\u00e9rence.<\/p>\n<p>La premi\u00e8re consultation d&#8217;\u00e9valuation en \u00e9pilation laser esth\u00e9tique n&#8217;est pas non plus remboursable. Maquiller le motif pour obtenir un remboursement serait assimil\u00e9 \u00e0 une fraude. De la m\u00eame fa\u00e7on, maquiller une feuille de soin en indiquant un acte m\u00e9dical non r\u00e9alis\u00e9 ou non justifi\u00e9 \u00e0 unique fin de permettre un remboursement est consid\u00e9r\u00e9 comme une escroquerie aux organismes de s\u00e9curit\u00e9 sociale et une fraude fiscale sur la TVA.<\/p>\n<p>&nbsp;<\/p>\n","protected":false},"excerpt":{"rendered":"<p>L&#8217;\u00e9pilation laser, dans la quasi-totalit\u00e9 des cas, est un acte esth\u00e9tique. Elle ne peut pas \u00eatre rembours\u00e9e par la s\u00e9curit\u00e9 sociale. Aucune feuille de soins et aucun arr\u00eat de travail ne peut r\u00e9sulter d&#8217;une \u00e9pilation m\u00e9dicale d\u00e9finitive \u00e0 vis\u00e9e esth\u00e9tique. Les soins lasers \u00e0 vis\u00e9e esth\u00e9tique sont assujettis \u00e0 la TVA (20%). Les tr\u00e8s rares <a class=\"more-link\" href=\"https:\/\/www.drcadic.com\/index.php\/lepilation-laser-et-le-remboursement-secu-la-tva\/\">la suite&#8230; <i class=\"fa fa-chevron-right\"><\/i><\/a><\/p>\n","protected":false},"author":2,"featured_media":0,"parent":0,"menu_order":0,"comment_status":"closed","ping_status":"closed","template":"","meta":{"footnotes":""},"_links":{"self":[{"href":"https:\/\/www.drcadic.com\/index.php\/wp-json\/wp\/v2\/pages\/233"}],"collection":[{"href":"https:\/\/www.drcadic.com\/index.php\/wp-json\/wp\/v2\/pages"}],"about":[{"href":"https:\/\/www.drcadic.com\/index.php\/wp-json\/wp\/v2\/types\/page"}],"author":[{"embeddable":true,"href":"https:\/\/www.drcadic.com\/index.php\/wp-json\/wp\/v2\/users\/2"}],"replies":[{"embeddable":true,"href":"https:\/\/www.drcadic.com\/index.php\/wp-json\/wp\/v2\/comments?post=233"}],"version-history":[{"count":2,"href":"https:\/\/www.drcadic.com\/index.php\/wp-json\/wp\/v2\/pages\/233\/revisions"}],"predecessor-version":[{"id":236,"href":"https:\/\/www.drcadic.com\/index.php\/wp-json\/wp\/v2\/pages\/233\/revisions\/236"}],"wp:attachment":[{"href":"https:\/\/www.drcadic.com\/index.php\/wp-json\/wp\/v2\/media?parent=233"}],"curies":[{"name":"wp","href":"https:\/\/api.w.org\/{rel}","templated":true}]}}