{"id":230,"date":"2022-03-02T14:01:12","date_gmt":"2022-03-02T13:01:12","guid":{"rendered":"https:\/\/www.drcadic.com\/?page_id=230"},"modified":"2022-03-04T15:10:16","modified_gmt":"2022-03-04T14:10:16","slug":"bien-preparer-sa-seance-depilation","status":"publish","type":"page","link":"https:\/\/www.drcadic.com\/index.php\/bien-preparer-sa-seance-depilation\/","title":{"rendered":"Bien pr\u00e9parer sa s\u00e9ance d&#8217;\u00e9pilation"},"content":{"rendered":"<p><strong>Comment se pr\u00e9parer avant une \u00e9pilation laser d\u00e9finitive pour augmenter l&#8217;efficacit\u00e9 du traitement<\/strong><\/p>\n<p>Bien se pr\u00e9parer avant une \u00e9pilation laser m\u00e9dical est un point important pour am\u00e9liorer l&#8217;efficacit\u00e9 du traitement, parfois pour r\u00e9duire le nombre et donc le co\u00fbt des s\u00e9ances.<\/p>\n<p>1\u00b0 Ne pas bronzer avant la s\u00e9ance afin de r\u00e9duire au maximum le risque de br\u00fblure et permettre au m\u00e9decin de r\u00e9gler la machine \u00e0 de fortes puissances qui sont alors plus efficaces. Eviter l&#8217;exposition au soleil ou aux UV des cabines de bronzage dans les 2 mois qui pr\u00e9c\u00e9dent la s\u00e9ance d&#8217;\u00e9pilation laser.<\/p>\n<p>2\u00b0 Ne pas appliquer de substances qui changent la couleur de la peau: les autobronzants , par peuvent perturber l&#8217;action du laser, le rendre moins efficace ou favoriser une br\u00fblure<\/p>\n<p>3\u00b0 Raser la zone \u00e0 \u00e9piler le plus court possible avant le soin, par exemple la veille au soir, ou m\u00eame le matin de l&#8217;\u00e9pilation laser d\u00e9finitive.\u00a0 Plus le poil est court, moins il y aura de perte d&#8217;\u00e9nergie dans la descente vers la racine \u00e0 d\u00e9truire et donc plus le traitement sera s\u00e9curitaire et efficace. Pour le visage (l\u00e8vre sup\u00e9rieure, menton) il ne faut plut\u00f4t couper court avec petits ciseaux que de raser.<\/p>\n<p>&nbsp;<\/p>\n","protected":false},"excerpt":{"rendered":"<p>Comment se pr\u00e9parer avant une \u00e9pilation laser d\u00e9finitive pour augmenter l&#8217;efficacit\u00e9 du traitement Bien se pr\u00e9parer avant une \u00e9pilation laser m\u00e9dical est un point important pour am\u00e9liorer l&#8217;efficacit\u00e9 du traitement, parfois pour r\u00e9duire le nombre et donc le co\u00fbt des s\u00e9ances. 1\u00b0 Ne pas bronzer avant la s\u00e9ance afin de r\u00e9duire au maximum le risque <a class=\"more-link\" href=\"https:\/\/www.drcadic.com\/index.php\/bien-preparer-sa-seance-depilation\/\">la suite&#8230; <i class=\"fa fa-chevron-right\"><\/i><\/a><\/p>\n","protected":false},"author":2,"featured_media":0,"parent":0,"menu_order":0,"comment_status":"closed","ping_status":"closed","template":"","meta":{"footnotes":""},"_links":{"self":[{"href":"https:\/\/www.drcadic.com\/index.php\/wp-json\/wp\/v2\/pages\/230"}],"collection":[{"href":"https:\/\/www.drcadic.com\/index.php\/wp-json\/wp\/v2\/pages"}],"about":[{"href":"https:\/\/www.drcadic.com\/index.php\/wp-json\/wp\/v2\/types\/page"}],"author":[{"embeddable":true,"href":"https:\/\/www.drcadic.com\/index.php\/wp-json\/wp\/v2\/users\/2"}],"replies":[{"embeddable":true,"href":"https:\/\/www.drcadic.com\/index.php\/wp-json\/wp\/v2\/comments?post=230"}],"version-history":[{"count":2,"href":"https:\/\/www.drcadic.com\/index.php\/wp-json\/wp\/v2\/pages\/230\/revisions"}],"predecessor-version":[{"id":332,"href":"https:\/\/www.drcadic.com\/index.php\/wp-json\/wp\/v2\/pages\/230\/revisions\/332"}],"wp:attachment":[{"href":"https:\/\/www.drcadic.com\/index.php\/wp-json\/wp\/v2\/media?parent=230"}],"curies":[{"name":"wp","href":"https:\/\/api.w.org\/{rel}","templated":true}]}}