{"id":17,"date":"2018-05-21T16:33:54","date_gmt":"2018-05-21T14:33:54","guid":{"rendered":"http:\/\/www.drcadic.com\/?page_id=17"},"modified":"2025-04-23T00:49:33","modified_gmt":"2025-04-22T22:49:33","slug":"echographies-generale-lasers-dermatologiques","status":"publish","type":"page","link":"https:\/\/www.drcadic.com\/","title":{"rendered":"Centre d&#8217;\u00e9pilation laser m\u00e9dicalis\u00e9 &#8211; Epilation d\u00e9finitive Orl\u00e9ans &#8211; Soins laser de couperose et de varicosit\u00e9s"},"content":{"rendered":"<blockquote>\n<div dir=\"auto\">\n<p><a href=\"https:\/\/www.drcadic.com\">Version S\u00e9curis\u00e9e SSL du site<\/a> <span style=\"color: #999999;\"><em>(validez le certificat si message de votre antivirus)<\/em><\/span><\/p>\n<\/div>\n<\/blockquote>\n<blockquote>\n<div dir=\"auto\">\n<div dir=\"auto\">        <div id=\"cptbc_554\" class=\"carousel slide\"  data-interval=\"5000\">\n\n            \n            <div class=\"carousel-inner\">\n            \n                <div class=\"item active\" id=\"cptbc-item-7\" >\n                    <img loading=\"lazy\" decoding=\"async\" width=\"1200\" height=\"603\" src=\"https:\/\/www.drcadic.com\/wp-content\/uploads\/2018\/05\/l-1.jpg\" class=\"attachment-full size-full wp-post-image\" alt=\"Centre orient\u00e9 soins dermatologiques\" srcset=\"https:\/\/www.drcadic.com\/wp-content\/uploads\/2018\/05\/l-1.jpg 1200w, https:\/\/www.drcadic.com\/wp-content\/uploads\/2018\/05\/l-1-300x151.jpg 300w, https:\/\/www.drcadic.com\/wp-content\/uploads\/2018\/05\/l-1-768x386.jpg 768w, https:\/\/www.drcadic.com\/wp-content\/uploads\/2018\/05\/l-1-1024x515.jpg 1024w\" sizes=\"(max-width: 1200px) 100vw, 1200px\" \/><div class=\"carousel-caption\"><p>M\u00e9decine g\u00e9n\u00e9rale avec orientations lasers dermatologiques: \u00e9pilation laser, soins des varicosit\u00e9s et de la couperose par laser, prise en charge des tatouages, des cicatrices et des rides par laser. Soins de verrues par laser CO2 chirurgical. Laser pour l'acn\u00e9 et ses cicatrices. R\u00e9paration de s\u00e9quelles de br\u00fblures.<\/p><\/div>                <\/div>\n            \n                <div class=\"item \" id=\"cptbc-item-11\" >\n                    <img loading=\"lazy\" decoding=\"async\" width=\"1200\" height=\"603\" src=\"https:\/\/www.drcadic.com\/wp-content\/uploads\/2018\/05\/scanning.jpg\" class=\"attachment-full size-full wp-post-image\" alt=\"Dopplers Art\u00e9rio-veineux et recherche de phl\u00e9bite\" srcset=\"https:\/\/www.drcadic.com\/wp-content\/uploads\/2018\/05\/scanning.jpg 1200w, https:\/\/www.drcadic.com\/wp-content\/uploads\/2018\/05\/scanning-300x151.jpg 300w, https:\/\/www.drcadic.com\/wp-content\/uploads\/2018\/05\/scanning-768x386.jpg 768w, https:\/\/www.drcadic.com\/wp-content\/uploads\/2018\/05\/scanning-1024x515.jpg 1024w\" sizes=\"(max-width: 1200px) 100vw, 1200px\" \/><div class=\"carousel-caption\"><p>Exploration des veines et des art\u00e8res par \u00e9cho-doppler. Doppler art\u00e9riels et veineux. Recherche et \u00e9valuation des insuffisances veineuses. Bilan de jambes lourdes. Recherche de phl\u00e9bite ou thromboses veineuses en urgence. Suivi de greffes et de stents. Scl\u00e9rose des veines petites et grandes saph\u00e8nes sous \u00e9chographie.<\/p><\/div>                <\/div>\n            \n                <div class=\"item \" id=\"cptbc-item-13\" >\n                    <img loading=\"lazy\" decoding=\"async\" width=\"1200\" height=\"603\" src=\"https:\/\/www.drcadic.com\/wp-content\/uploads\/2018\/05\/echomusculaire.jpg\" class=\"attachment-full size-full wp-post-image\" alt=\"R\u00e9alisation d&#039;\u00e9chographies\" srcset=\"https:\/\/www.drcadic.com\/wp-content\/uploads\/2018\/05\/echomusculaire.jpg 1200w, https:\/\/www.drcadic.com\/wp-content\/uploads\/2018\/05\/echomusculaire-300x151.jpg 300w, https:\/\/www.drcadic.com\/wp-content\/uploads\/2018\/05\/echomusculaire-768x386.jpg 768w, https:\/\/www.drcadic.com\/wp-content\/uploads\/2018\/05\/echomusculaire-1024x515.jpg 1024w\" sizes=\"(max-width: 1200px) 100vw, 1200px\" \/><div class=\"carousel-caption\"><p>Echographies musculaires, \u00e9chographies du sport, traumatologiques, dopplers vasculaires, explorations rhumatologiques, imagerie des parties molles. Echographies testiculaires.<\/p><\/div>                <\/div>\n                        <\/div>\n\n                                <a class=\"left carousel-control\" href=\"#cptbc_554\" data-slide=\"prev\"><span class=\"glyphicon glyphicon-chevron-left\"><\/span><\/a>\n                    <a class=\"right carousel-control\" href=\"#cptbc_554\" data-slide=\"next\"><span class=\"glyphicon glyphicon-chevron-right\"><\/span><\/a>\n                \n        <\/div>\n\n                <script type=\"text\/javascript\">\n            jQuery(document).ready(function() {\n                jQuery('#cptbc_554').carousel({\n                    interval: 5000                });\n            });\n        <\/script>\n        <\/div>\n<\/div>\n<\/blockquote>\n<div style=\"border: 1px solid #ccc; padding: 20px; margin: 20px auto; max-width: 800px; background-color: #f9f9f9; text-align: justify;\">\n  <strong>Le centre laser, sous la responsabilit\u00e9 du Dr Cadic, pratique les actes laser depuis pr\u00e8s de 20 ans et a r\u00e9alis\u00e9 \u00e0 ce jour pr\u00e8s de 150 000 proc\u00e9dures, toutes effectu\u00e9es exclusivement par des m\u00e9decins, sans aucune d\u00e9l\u00e9gation, afin de garantir une prise en charge m\u00e9dicale rigoureuse du d\u00e9but \u00e0 la fin.<\/strong>\n<\/div>\n<p>&nbsp;<\/p>\n<p>&nbsp;<\/p>\n<p>Dr CADIC Philippe (MG)<br \/>\n43 Avenue de Paris\u00a0\u2013 45000 ORLEANS<br \/>\nT\u00e9l\u00e9phone:\u00a0<strong>02.38.64.28.28<br \/>\n<\/strong><em>(Notre fournisseur d&#8217;acc\u00e8s t\u00e9l\u00e9phonique OVH pose probl\u00e8mes avec certains forfaits BOUYGUES T\u00e9l\u00e9com. Si vous \u00eatres forfait Bouygtel et avez des difficult\u00e9s \u00e0 nous joindre, merci d&#8217;essayer avec un autre op\u00e9rateur)<\/em><\/p>\n<p><em>Derni\u00e8re mise \u00e0 jour du site: 23\/04\/2025 &#8211; <a href=\"https:\/\/www.drcadic.com\/index.php\/politique-de-confidentialite\/\">Mentions L\u00e9gales<\/a> &#8211; <a href=\"https:\/\/www.conseil-national.medecin.fr\/annuaire\" target=\"_blank\" rel=\"noopener\">Annuaire CNOM<\/a><\/em><\/p>\n<p>&nbsp;<\/p>\n","protected":false},"excerpt":{"rendered":"<p>Version S\u00e9curis\u00e9e SSL du site (validez le certificat si message de votre antivirus) Le centre laser, sous la responsabilit\u00e9 du Dr Cadic, pratique les actes laser depuis pr\u00e8s de 20 ans et a r\u00e9alis\u00e9 \u00e0 ce jour pr\u00e8s de 150 000 proc\u00e9dures, toutes effectu\u00e9es exclusivement par des m\u00e9decins, sans aucune d\u00e9l\u00e9gation, afin de garantir une <a class=\"more-link\" href=\"https:\/\/www.drcadic.com\/index.php\/cptbc\/realisation-dechographies\/\">la suite&#8230; <i class=\"fa fa-chevron-right\"><\/i><\/a><\/p>\n","protected":false},"author":2,"featured_media":0,"parent":0,"menu_order":0,"comment_status":"closed","ping_status":"closed","template":"page-fullwidth.php","meta":{"footnotes":""},"_links":{"self":[{"href":"https:\/\/www.drcadic.com\/index.php\/wp-json\/wp\/v2\/pages\/17"}],"collection":[{"href":"https:\/\/www.drcadic.com\/index.php\/wp-json\/wp\/v2\/pages"}],"about":[{"href":"https:\/\/www.drcadic.com\/index.php\/wp-json\/wp\/v2\/types\/page"}],"author":[{"embeddable":true,"href":"https:\/\/www.drcadic.com\/index.php\/wp-json\/wp\/v2\/users\/2"}],"replies":[{"embeddable":true,"href":"https:\/\/www.drcadic.com\/index.php\/wp-json\/wp\/v2\/comments?post=17"}],"version-history":[{"count":86,"href":"https:\/\/www.drcadic.com\/index.php\/wp-json\/wp\/v2\/pages\/17\/revisions"}],"predecessor-version":[{"id":513,"href":"https:\/\/www.drcadic.com\/index.php\/wp-json\/wp\/v2\/pages\/17\/revisions\/513"}],"wp:attachment":[{"href":"https:\/\/www.drcadic.com\/index.php\/wp-json\/wp\/v2\/media?parent=17"}],"curies":[{"name":"wp","href":"https:\/\/api.w.org\/{rel}","templated":true}]}}